{"id":431,"date":"2025-01-20T10:55:07","date_gmt":"2025-01-20T10:55:07","guid":{"rendered":"https:\/\/caboo.es\/?page_id=431"},"modified":"2025-01-20T11:33:01","modified_gmt":"2025-01-20T11:33:01","slug":"aviso-legal","status":"publish","type":"page","link":"https:\/\/caboo.es\/en\/aviso-legal\/","title":{"rendered":"AVISO LEGAL"},"content":{"rendered":"<p>[et_pb_section fb_built=\u00bb1&#8243; _builder_version=\u00bb4.27.4&#8243; _module_preset=\u00bbdefault\u00bb background_color=\u00bb#f4f4f4&#8243; custom_padding=\u00bb5px||6px|||\u00bb global_colors_info=\u00bb{}\u00bb][et_pb_row _builder_version=\u00bb4.27.4&#8243; _module_preset=\u00bbdefault\u00bb global_colors_info=\u00bb{}\u00bb][et_pb_column type=\u00bb4_4&#8243; _builder_version=\u00bb4.27.4&#8243; _module_preset=\u00bbdefault\u00bb global_colors_info=\u00bb{}\u00bb][et_pb_text _builder_version=\u00bb4.27.4&#8243; _module_preset=\u00bbdefault\u00bb text_font=\u00bbCabinet Grotesk black||||||||\u00bb text_font_size=\u00bb59px\u00bb text_font_size_tablet=\u00bb59px\u00bb text_font_size_phone=\u00bb42px\u00bb text_font_size_last_edited=\u00bbon|phone\u00bb global_colors_info=\u00bb{}\u00bb]<\/p>\n<p>AVISO LEGAL<\/p>\n<p>[\/et_pb_text][\/et_pb_column][\/et_pb_row][\/et_pb_section][et_pb_section fb_built=\u00bb1&#8243; _builder_version=\u00bb4.27.4&#8243; _module_preset=\u00bbdefault\u00bb background_color=\u00bb#f4f4f4&#8243; custom_padding=\u00bb1px|||||\u00bb global_colors_info=\u00bb{}\u00bb][et_pb_row _builder_version=\u00bb4.27.4&#8243; _module_preset=\u00bbdefault\u00bb custom_padding=\u00bb0px|||||\u00bb global_colors_info=\u00bb{}\u00bb][et_pb_column type=\u00bb4_4&#8243; _builder_version=\u00bb4.27.4&#8243; _module_preset=\u00bbdefault\u00bb global_colors_info=\u00bb{}\u00bb][et_pb_text _builder_version=\u00bb4.27.4&#8243; _module_preset=\u00bbdefault\u00bb text_font=\u00bbCabinet Grotesk Regular||||||||\u00bb header_4_font=\u00bbCabinet Grotesk black||||||||\u00bb global_colors_info=\u00bb{}\u00bb]<\/p>\n<p>El presente aviso legal regula el funcionamiento, uso y acceso del presente sitio web. El usuario, cliente o comprador, as\u00ed como el organizador en su caso, reconocen que disponen de la capacidad para realizar la contrataci\u00f3n del servicio, adem\u00e1s de haber le\u00eddo y comprendido las presentes condiciones de esta web, as\u00ed como la aceptaci\u00f3n de las mismas. As\u00ed mismo, <strong>Caboo Music Club<\/strong> pone en conocimiento de los usuarios de este sitio web que estas condiciones pueden ser modificadas sin notificaci\u00f3n previa. El acceso o utilizaci\u00f3n del sitio web implican la aceptaci\u00f3n por parte del Usuario de todas las condiciones generales que est\u00e9n publicadas en el momento de dicho acceso o uso. De acuerdo con el art\u00edculo 10 de la Ley 34\/2002, de 11 de julio, de Servicios de la Sociedad de la Informaci\u00f3n y de Comercio Electr\u00f3nico, ponemos a su disposici\u00f3n los siguientes datos:<\/p>\n<h4>1. <strong>Identificaci\u00f3n de las partes<\/strong><\/h4>\n<p>El presente Sitio Web contiene una plataforma de promoci\u00f3n de eventos y distribuci\u00f3n de entradas, gestionada por <strong>Caboo Orihuela Costa S.L<\/strong>, con CIF <strong>B42615021<\/strong>, y domicilio a efectos de notificaci\u00f3n en <strong>Calle Isla Tabarca, 48, 03189 Orihuela, Alicante, Espa\u00f1a<\/strong>.<\/p>\n<h4>2. <strong>Procedimiento de compra<\/strong><\/h4>\n<p>Para adquirir tus entradas, deber\u00e1s seleccionar el evento al que deseas acudir, indicar la fecha y el n\u00famero de entradas, y proceder al pago mediante tarjeta de cr\u00e9dito\/d\u00e9bito.<\/p>\n<p>Pondremos a tu disposici\u00f3n un formulario de registro para que introduzcas los datos correspondientes y verifiques si son correctos antes de formalizar la compra. En cuanto al tratamiento de tus datos personales, te invitamos a consultar nuestra <strong>Privacy Policy<\/strong>.<\/p>\n<p>De existir gastos de gesti\u00f3n y\/o distribuci\u00f3n, su importe ser\u00e1 debidamente identificado y desglosado durante el proceso de compra y antes de realizar el pago.<\/p>\n<p>Una vez confirmado el pago, recibir\u00e1s autom\u00e1ticamente un correo electr\u00f3nico con tus entradas.<\/p>\n<h4>3. <strong>Lengua del acuerdo<\/strong><\/h4>\n<p>La lengua en que se formalizar\u00e1 el contrato entre las partes ser\u00e1 en espa\u00f1ol.<\/p>\n<h4>4. <strong>Contenido del Sitio Web<\/strong><\/h4>\n<p>Las Condiciones Generales detalladas regulan el acceso y la utilizaci\u00f3n del Sitio Web, as\u00ed como todos los contenidos que en el mismo se muestren o pongan a disposici\u00f3n de los usuarios. Las presentes condiciones generales no obstaculizan la fijaci\u00f3n por parte de <strong>Caboo Music Club<\/strong> de otras condiciones particulares para la contrataci\u00f3n o utilizaci\u00f3n de determinados servicios o productos que se ofrezcan a los usuarios en el sitio web.<\/p>\n<p>El usuario se compromete a hacer un uso diligente del contenido y los servicios accesibles desde este Sitio Web, con total sujeci\u00f3n a la ley, las buenas costumbres y las presentes Condiciones Generales, manteniendo el debido respeto a los dem\u00e1s usuarios.<\/p>\n<p>Queda expresamente prohibido cualquier uso diferente a la finalidad del Sitio Web. El usuario u organizador renunciar\u00e1 a utilizar cualquiera de los materiales e informaciones contenidos en este Sitio Web con fines il\u00edcitos y expresamente prohibidos en las presentes Condiciones Generales de Uso, y deber\u00e1 responder frente a los mismos en caso de contravenir o incumplir dichas obligaciones.<\/p>\n<h4>5. <strong>Propiedad intelectual<\/strong><\/h4>\n<p>Los usuarios no podr\u00e1n copiar, reproducir, publicar, descargar, emitir, transmitir, poner a disposici\u00f3n del p\u00fablico ni utilizar el contenido de esta web sin el consentimiento expreso de <strong>Caboo Music Club<\/strong>. Todos los derechos de propiedad intelectual e industrial sobre el Sitio Web, im\u00e1genes, textos, logotipos y dem\u00e1s contenidos son propiedad de <strong>Caboo Music Club<\/strong> o de terceros que han autorizado su uso.<\/p>\n<h4>6. <strong>Responsabilidad del usuario por el acceso y uso de esta plataforma<\/strong><\/h4>\n<p>El Sitio Web ofrece acceso a diversos contenidos e informaciones, as\u00ed como a servicios que requieren el registro del usuario. Al registrarse, el usuario se compromete a suministrar informaci\u00f3n veraz, exacta, l\u00edcita, actualizada y completa sobre su identidad (nombre, apellidos, e-mail, tel\u00e9fono, direcci\u00f3n, etc.) como se solicita en el formulario de registro a los Servicios. Queda prohibido utilizar el Sitio Web para fines publicitarios o para enviar comunicaciones comerciales no solicitadas.<\/p>\n<h4>7. **De la responsabilidad de <strong>Caboo Music Club<\/strong><\/h4>\n<p><strong>Caboo Music Club<\/strong> no asume ninguna responsabilidad por el mal uso que los usuarios puedan hacer del sitio web ni por los da\u00f1os derivados del uso indebido de los contenidos y servicios. <strong>Caboo Music Club<\/strong> velar\u00e1 por la seguridad inform\u00e1tica en la medida de lo posible, pero no garantiza la ausencia de virus u otros elementos lesivos.<\/p>\n<h4>8. <strong>Pol\u00edtica de reembolsos, devoluciones y cancelaciones<\/strong><\/h4>\n<p>Una vez adquirida la entrada, no se admitir\u00e1 su cambio ni devoluci\u00f3n, salvo en casos de cancelaci\u00f3n, modificaci\u00f3n sustancial o suspensi\u00f3n del evento. En estos casos, el organizador podr\u00e1 proceder a una nueva programaci\u00f3n o realizar la devoluci\u00f3n de las entradas.<\/p>\n<h4>9. <strong>Baja del servicio<\/strong><\/h4>\n<p>El usuario puede darse de baja del servicio en cualquier momento. <strong>Caboo Music Club<\/strong> no pedir\u00e1 justificaci\u00f3n para otorgar la baja efectiva, si bien se reserva el derecho de consultar los motivos con fines estad\u00edsticos y de mejora del servicio.<\/p>\n<h4>10. <strong>Normativa aplicable<\/strong><\/h4>\n<p>Las presentes Condiciones Generales se rigen por la ley espa\u00f1ola. Para cualquier controversia que pudiera surgir en la aplicaci\u00f3n o interpretaci\u00f3n de estas condiciones, las partes se someten a la competencia y jurisdicci\u00f3n de los Juzgados y Tribunales de Alicante, Espa\u00f1a.<\/p>\n<h4>11. <strong>Precios indicados<\/strong><\/h4>\n<p>Todos los precios indicados incluyen impuestos.<\/p>\n<h4>12. <strong>Exoneraci\u00f3n de responsabilidades<\/strong><\/h4>\n<p><strong>Caboo Music Club<\/strong> solo presta los servicios de promoci\u00f3n de eventos y distribuci\u00f3n de entradas y no asume responsabilidades respecto a los cambios o cancelaciones del evento, que son competencia exclusiva del organizador.<\/p>\n<p>[\/et_pb_text][\/et_pb_column][\/et_pb_row][\/et_pb_section]<\/p>","protected":false},"excerpt":{"rendered":"<p>AVISO LEGALEl presente aviso legal regula el funcionamiento, uso y acceso del presente sitio web. El usuario, cliente o comprador, as\u00ed como el organizador en su caso, reconocen que disponen de la capacidad para realizar la contrataci\u00f3n del servicio, adem\u00e1s de haber le\u00eddo y comprendido las presentes condiciones de esta web, as\u00ed como la aceptaci\u00f3n [&hellip;]<\/p>","protected":false},"author":1,"featured_media":0,"parent":0,"menu_order":0,"comment_status":"closed","ping_status":"closed","template":"","meta":{"_et_pb_use_builder":"on","_et_pb_old_content":"","_et_gb_content_width":"","footnotes":""},"class_list":["post-431","page","type-page","status-publish","hentry"],"yoast_head":"<!-- This site is optimized with the Yoast SEO plugin v24.3 - https:\/\/yoast.com\/wordpress\/plugins\/seo\/ -->\n<title>AVISO LEGAL - CABOO<\/title>\n<meta name=\"robots\" content=\"index, follow, max-snippet:-1, max-image-preview:large, max-video-preview:-1\" \/>\n<link rel=\"canonical\" href=\"https:\/\/caboo.es\/en\/aviso-legal\/\" \/>\n<meta property=\"og:locale\" content=\"en_GB\" \/>\n<meta property=\"og:type\" content=\"article\" \/>\n<meta property=\"og:title\" content=\"AVISO LEGAL - CABOO\" \/>\n<meta property=\"og:description\" content=\"AVISO LEGALEl presente aviso legal regula el funcionamiento, uso y acceso del presente sitio web. El usuario, cliente o comprador, as\u00ed como el organizador en su caso, reconocen que disponen de la capacidad para realizar la contrataci\u00f3n del servicio, adem\u00e1s de haber le\u00eddo y comprendido las presentes condiciones de esta web, as\u00ed como la aceptaci\u00f3n [&hellip;]\" \/>\n<meta property=\"og:url\" content=\"https:\/\/caboo.es\/en\/aviso-legal\/\" \/>\n<meta property=\"og:site_name\" content=\"CABOO\" \/>\n<meta property=\"article:publisher\" content=\"https:\/\/www.facebook.com\/caboomusicclub?locale=ms_MY\" \/>\n<meta property=\"article:modified_time\" content=\"2025-01-20T11:33:01+00:00\" \/>\n<meta name=\"twitter:card\" content=\"summary_large_image\" \/>\n<meta name=\"twitter:label1\" content=\"Estimated reading time\" \/>\n\t<meta name=\"twitter:data1\" content=\"5 minutes\" \/>\n<script type=\"application\/ld+json\" class=\"yoast-schema-graph\">{\"@context\":\"https:\/\/schema.org\",\"@graph\":[{\"@type\":\"WebPage\",\"@id\":\"https:\/\/caboo.es\/aviso-legal\/\",\"url\":\"https:\/\/caboo.es\/aviso-legal\/\",\"name\":\"AVISO LEGAL - CABOO\",\"isPartOf\":{\"@id\":\"https:\/\/caboo.es\/#website\"},\"datePublished\":\"2025-01-20T10:55:07+00:00\",\"dateModified\":\"2025-01-20T11:33:01+00:00\",\"breadcrumb\":{\"@id\":\"https:\/\/caboo.es\/aviso-legal\/#breadcrumb\"},\"inLanguage\":\"en-GB\",\"potentialAction\":[{\"@type\":\"ReadAction\",\"target\":[\"https:\/\/caboo.es\/aviso-legal\/\"]}]},{\"@type\":\"BreadcrumbList\",\"@id\":\"https:\/\/caboo.es\/aviso-legal\/#breadcrumb\",\"itemListElement\":[{\"@type\":\"ListItem\",\"position\":1,\"name\":\"Home\",\"item\":\"https:\/\/caboo.es\/\"},{\"@type\":\"ListItem\",\"position\":2,\"name\":\"AVISO LEGAL\"}]},{\"@type\":\"WebSite\",\"@id\":\"https:\/\/caboo.es\/#website\",\"url\":\"https:\/\/caboo.es\/\",\"name\":\"CABOO\",\"description\":\"MUSIC CLUB\",\"publisher\":{\"@id\":\"https:\/\/caboo.es\/#organization\"},\"potentialAction\":[{\"@type\":\"SearchAction\",\"target\":{\"@type\":\"EntryPoint\",\"urlTemplate\":\"https:\/\/caboo.es\/?s={search_term_string}\"},\"query-input\":{\"@type\":\"PropertyValueSpecification\",\"valueRequired\":true,\"valueName\":\"search_term_string\"}}],\"inLanguage\":\"en-GB\"},{\"@type\":\"Organization\",\"@id\":\"https:\/\/caboo.es\/#organization\",\"name\":\"Music Club\",\"url\":\"https:\/\/caboo.es\/\",\"logo\":{\"@type\":\"ImageObject\",\"inLanguage\":\"en-GB\",\"@id\":\"https:\/\/caboo.es\/#\/schema\/logo\/image\/\",\"url\":\"https:\/\/caboo.es\/wp-content\/uploads\/2024\/12\/NEGRO.png\",\"contentUrl\":\"https:\/\/caboo.es\/wp-content\/uploads\/2024\/12\/NEGRO.png\",\"width\":1174,\"height\":1249,\"caption\":\"Music Club\"},\"image\":{\"@id\":\"https:\/\/caboo.es\/#\/schema\/logo\/image\/\"},\"sameAs\":[\"https:\/\/www.facebook.com\/caboomusicclub?locale=ms_MY\",\"https:\/\/www.instagram.com\/caboomusicclub\/\",\"https:\/\/soundcloud.com\/caboomusicclub\",\"https:\/\/open.spotify.com\/user\/31leggujjmg6tmmr776pzljnsao4\",\"https:\/\/www.youtube.com\/@caboomusicclub\"]}]}<\/script>\n<!-- \/ Yoast SEO plugin. -->","yoast_head_json":{"title":"AVISO LEGAL - CABOO","robots":{"index":"index","follow":"follow","max-snippet":"max-snippet:-1","max-image-preview":"max-image-preview:large","max-video-preview":"max-video-preview:-1"},"canonical":"https:\/\/caboo.es\/en\/aviso-legal\/","og_locale":"en_GB","og_type":"article","og_title":"AVISO LEGAL - CABOO","og_description":"AVISO LEGALEl presente aviso legal regula el funcionamiento, uso y acceso del presente sitio web. El usuario, cliente o comprador, as\u00ed como el organizador en su caso, reconocen que disponen de la capacidad para realizar la contrataci\u00f3n del servicio, adem\u00e1s de haber le\u00eddo y comprendido las presentes condiciones de esta web, as\u00ed como la aceptaci\u00f3n [&hellip;]","og_url":"https:\/\/caboo.es\/en\/aviso-legal\/","og_site_name":"CABOO","article_publisher":"https:\/\/www.facebook.com\/caboomusicclub?locale=ms_MY","article_modified_time":"2025-01-20T11:33:01+00:00","twitter_card":"summary_large_image","twitter_misc":{"Estimated reading time":"5 minutes"},"schema":{"@context":"https:\/\/schema.org","@graph":[{"@type":"WebPage","@id":"https:\/\/caboo.es\/aviso-legal\/","url":"https:\/\/caboo.es\/aviso-legal\/","name":"AVISO LEGAL - CABOO","isPartOf":{"@id":"https:\/\/caboo.es\/#website"},"datePublished":"2025-01-20T10:55:07+00:00","dateModified":"2025-01-20T11:33:01+00:00","breadcrumb":{"@id":"https:\/\/caboo.es\/aviso-legal\/#breadcrumb"},"inLanguage":"en-GB","potentialAction":[{"@type":"ReadAction","target":["https:\/\/caboo.es\/aviso-legal\/"]}]},{"@type":"BreadcrumbList","@id":"https:\/\/caboo.es\/aviso-legal\/#breadcrumb","itemListElement":[{"@type":"ListItem","position":1,"name":"Home","item":"https:\/\/caboo.es\/"},{"@type":"ListItem","position":2,"name":"AVISO LEGAL"}]},{"@type":"WebSite","@id":"https:\/\/caboo.es\/#website","url":"https:\/\/caboo.es\/","name":"CABOO","description":"MUSIC CLUB","publisher":{"@id":"https:\/\/caboo.es\/#organization"},"potentialAction":[{"@type":"SearchAction","target":{"@type":"EntryPoint","urlTemplate":"https:\/\/caboo.es\/?s={search_term_string}"},"query-input":{"@type":"PropertyValueSpecification","valueRequired":true,"valueName":"search_term_string"}}],"inLanguage":"en-GB"},{"@type":"Organization","@id":"https:\/\/caboo.es\/#organization","name":"Music Club","url":"https:\/\/caboo.es\/","logo":{"@type":"ImageObject","inLanguage":"en-GB","@id":"https:\/\/caboo.es\/#\/schema\/logo\/image\/","url":"https:\/\/caboo.es\/wp-content\/uploads\/2024\/12\/NEGRO.png","contentUrl":"https:\/\/caboo.es\/wp-content\/uploads\/2024\/12\/NEGRO.png","width":1174,"height":1249,"caption":"Music Club"},"image":{"@id":"https:\/\/caboo.es\/#\/schema\/logo\/image\/"},"sameAs":["https:\/\/www.facebook.com\/caboomusicclub?locale=ms_MY","https:\/\/www.instagram.com\/caboomusicclub\/","https:\/\/soundcloud.com\/caboomusicclub","https:\/\/open.spotify.com\/user\/31leggujjmg6tmmr776pzljnsao4","https:\/\/www.youtube.com\/@caboomusicclub"]}]}},"_links":{"self":[{"href":"https:\/\/caboo.es\/en\/wp-json\/wp\/v2\/pages\/431","targetHints":{"allow":["GET"]}}],"collection":[{"href":"https:\/\/caboo.es\/en\/wp-json\/wp\/v2\/pages"}],"about":[{"href":"https:\/\/caboo.es\/en\/wp-json\/wp\/v2\/types\/page"}],"author":[{"embeddable":true,"href":"https:\/\/caboo.es\/en\/wp-json\/wp\/v2\/users\/1"}],"replies":[{"embeddable":true,"href":"https:\/\/caboo.es\/en\/wp-json\/wp\/v2\/comments?post=431"}],"version-history":[{"count":0,"href":"https:\/\/caboo.es\/en\/wp-json\/wp\/v2\/pages\/431\/revisions"}],"wp:attachment":[{"href":"https:\/\/caboo.es\/en\/wp-json\/wp\/v2\/media?parent=431"}],"curies":[{"name":"wp","href":"https:\/\/api.w.org\/{rel}","templated":true}]}}