{"id":387,"date":"2025-01-13T08:05:14","date_gmt":"2025-01-13T08:05:14","guid":{"rendered":"https:\/\/caboo.es\/?page_id=387"},"modified":"2025-02-02T11:35:20","modified_gmt":"2025-02-02T10:35:20","slug":"info","status":"publish","type":"page","link":"https:\/\/caboo.es\/en\/info\/","title":{"rendered":"INFO"},"content":{"rendered":"[et_pb_section fb_built=\u00bb1&#8243; _builder_version=\u00bb4.27.4&#8243; _module_preset=\u00bbdefault\u00bb background_color=\u00bb#f4f4f4&#8243; custom_padding=\u00bb3px||4px|||\u00bb global_colors_info=\u00bb{}\u00bb][et_pb_row _builder_version=\u00bb4.27.4&#8243; _module_preset=\u00bbdefault\u00bb global_colors_info=\u00bb{}\u00bb][et_pb_column type=\u00bb4_4&#8243; _builder_version=\u00bb4.27.4&#8243; _module_preset=\u00bbdefault\u00bb global_colors_info=\u00bb{}\u00bb][et_pb_text _builder_version=\u00bb4.27.4&#8243; _module_preset=\u00bbdefault\u00bb text_font=\u00bbCabinet Grotesk black||||||||\u00bb text_text_color=\u00bb#191919&#8243; text_font_size=\u00bb59px\u00bb text_orientation=\u00bbcenter\u00bb text_font_size_tablet=\u00bb59px\u00bb text_font_size_phone=\u00bb42px\u00bb text_font_size_last_edited=\u00bbon|phone\u00bb global_colors_info=\u00bb{}\u00bb]<p>INFORMATION<\/p>[\/et_pb_text][\/et_pb_column][\/et_pb_row][\/et_pb_section][et_pb_section fb_built=\u00bb1&#8243; _builder_version=\u00bb4.27.4&#8243; _module_preset=\u00bbdefault\u00bb background_color=\u00bb#f4f4f4&#8243; custom_margin=\u00bb-6px|||||\u00bb custom_padding=\u00bb3px||4px|||\u00bb global_colors_info=\u00bb{}\u00bb][et_pb_row _builder_version=\u00bb4.27.4&#8243; _module_preset=\u00bbdefault\u00bb custom_padding=\u00bb3px|||||\u00bb global_colors_info=\u00bb{}\u00bb][et_pb_column type=\u00bb4_4&#8243; _builder_version=\u00bb4.27.4&#8243; _module_preset=\u00bbdefault\u00bb global_colors_info=\u00bb{}\u00bb][et_pb_text _builder_version=\u00bb4.27.4&#8243; _module_preset=\u00bbdefault\u00bb text_font=\u00bbCabinet Grotesk Medium||||||||\u00bb text_text_color=\u00bb#191919&#8243; text_font_size=\u00bb17px\u00bb text_orientation=\u00bbcenter\u00bb global_colors_info=\u00bb{}\u00bb]<p><strong>Caboo Music Club<\/strong> is a nightclub located in the heart of Cabo Roig, on the Orihuela Costa. Since its inception, it has become a benchmark for music and club culture lovers on the Costa Blanca. From day one, our goal has been to offer a unique space where the energy of music and the connection between people take center stage.<\/p>\n<p>At Caboo, we work every day to make every weekend an unforgettable experience. Our team\u2014made up of management, DJs, bartenders, PR, and, above all, you, our people make this place so much more than a club it's a community where music is lived and celebrated.<\/p>\n<p>We are proud to have a line-up that combines the talent of renowned international and national DJs, as well as local artists, always committed to quality and musical innovation. Our booth has hosted notable names such as <strong>Toman, Rossi<\/strong>, <strong>Dimmish, Edu Imbernon, Ben Sterling, Ray Mono, Belters Only Aka (Bisset &amp; RobbieG), Javi Bora,<\/strong>\u00a0<strong>Londonground<\/strong>, <strong>Manuel de la Mare<\/strong>, <strong>Luiggi Rocca<\/strong>, <strong>Guille Placencia<\/strong>, <strong>Ruben Mandolini<\/strong>, <strong>Ben Rainey, New Era, Steve Mulder, Mark Reeve, Christian Bonori, Vibe Killers, Ian Longo, Baum<\/strong>, and <strong>Fer BR<\/strong>among many others, consolidating Caboo as an epicenter of electronic music in the Spanish east coast. \n\nSee you on the Dancefloor!<\/p>[\/et_pb_text][\/et_pb_column][\/et_pb_row][\/et_pb_section][et_pb_section fb_built=\u00bb1&#8243; _builder_version=\u00bb4.27.4&#8243; _module_preset=\u00bbdefault\u00bb background_color=\u00bb#f4f4f4&#8243; custom_padding=\u00bb11px||2px|||\u00bb global_colors_info=\u00bb{}\u00bb][et_pb_row _builder_version=\u00bb4.27.4&#8243; _module_preset=\u00bbdefault\u00bb global_colors_info=\u00bb{}\u00bb][et_pb_column type=\u00bb4_4&#8243; _builder_version=\u00bb4.27.4&#8243; _module_preset=\u00bbdefault\u00bb global_colors_info=\u00bb{}\u00bb][et_pb_text _builder_version=\u00bb4.27.4&#8243; _module_preset=\u00bbdefault\u00bb text_font=\u00bbCabinet Grotesk black||||||||\u00bb text_text_color=\u00bb#191919&#8243; text_font_size=\u00bb59px\u00bb text_orientation=\u00bbcenter\u00bb text_font_size_tablet=\u00bb59px\u00bb text_font_size_phone=\u00bb42px\u00bb text_font_size_last_edited=\u00bbon|phone\u00bb global_colors_info=\u00bb{}\u00bb]<p>LOCATION<\/p>[\/et_pb_text][et_pb_text _builder_version=\u00bb4.27.4&#8243; _module_preset=\u00bbdefault\u00bb text_orientation=\u00bbcenter\u00bb global_colors_info=\u00bb{}\u00bb]<iframe src=\"https:\/\/www.google.com\/maps\/embed?pb=!1m23!1m12!1m3!1d35611.887573558815!2d-0.7681389581215793!3d37.91463754057987!2m3!1f0!2f0!3f0!3m2!1i1024!2i768!4f13.1!4m8!3e6!4m0!4m5!1s0xd6307515c3ca8e5%3A0x892943fa87cddedb!2sC.%20Isla%20Tabarca%2C%2048%2C%2003189%20Orihuela%2C%20Alicante!3m2!1d37.9122054!2d-0.7409528999999999!5e0!3m2!1sgl!2ses!4v1736756617003!5m2!1sgl!2ses\" width=\"1500\" height=\"450\" style=\"border: 0;\" allowfullscreen=\"\" loading=\"lazy\" referrerpolicy=\"no-referrer-when-downgrade\"><\/iframe>[\/et_pb_text][\/et_pb_column][\/et_pb_row][et_pb_row _builder_version=\u00bb4.27.4&#8243; _module_preset=\u00bbdefault\u00bb custom_padding=\u00bb||7px|||\u00bb global_colors_info=\u00bb{}\u00bb][et_pb_column type=\u00bb4_4&#8243; _builder_version=\u00bb4.27.4&#8243; _module_preset=\u00bbdefault\u00bb global_colors_info=\u00bb{}\u00bb][et_pb_text _builder_version=\u00bb4.27.4&#8243; _module_preset=\u00bbdefault\u00bb text_font=\u00bbCabinet Grotesk Extra Bold||||||||\u00bb text_text_color=\u00bb#191919&#8243; text_font_size=\u00bb30px\u00bb text_orientation=\u00bbcenter\u00bb global_colors_info=\u00bb{}\u00bb]<p>CABOO MUSIC CLUB<\/p>[\/et_pb_text][\/et_pb_column][\/et_pb_row][et_pb_row _builder_version=\u00bb4.27.4&#8243; _module_preset=\u00bbdefault\u00bb custom_padding=\u00bb3px||5px|||\u00bb global_colors_info=\u00bb{}\u00bb][et_pb_column type=\u00bb4_4&#8243; _builder_version=\u00bb4.27.4&#8243; _module_preset=\u00bbdefault\u00bb global_colors_info=\u00bb{}\u00bb][et_pb_text _builder_version=\u00bb4.27.4&#8243; _module_preset=\u00bbdefault\u00bb text_font=\u00bbCabinet Grotesk Medium||||||||\u00bb text_text_color=\u00bb#191919&#8243; text_line_height=\u00bb1.2em\u00bb text_orientation=\u00bbcenter\u00bb global_colors_info=\u00bb{}\u00bb]<p>C\/ ISLA DE TABARCA, 48, 03189, ORIHUELA COSTA, ALICANTE.<\/p>[\/et_pb_text][\/et_pb_column][\/et_pb_row][et_pb_row _builder_version=\u00bb4.27.4&#8243; _module_preset=\u00bbdefault\u00bb custom_padding=\u00bb9px|||||\u00bb global_colors_info=\u00bb{}\u00bb][et_pb_column type=\u00bb4_4&#8243; _builder_version=\u00bb4.27.4&#8243; _module_preset=\u00bbdefault\u00bb global_colors_info=\u00bb{}\u00bb][et_pb_button button_url=\u00bbhttps:\/\/maps.app.goo.gl\/5iG5QV3jdcmnixup6&#8243; button_text=\u00bbC\u00d3MO LLEGAR\u00bb button_alignment=\u00bbcenter\u00bb _builder_version=\u00bb4.27.4&#8243; _module_preset=\u00bbdefault\u00bb custom_button=\u00bbon\u00bb button_text_size=\u00bb16px\u00bb button_text_color=\u00bb#191919&#8243; button_border_width=\u00bb3px\u00bb button_border_color=\u00bb#191919&#8243; button_border_radius=\u00bb-1px\u00bb button_font=\u00bbCabinet Grotesk Medium|700|||||||\u00bb button_icon_color=\u00bb#191919&#8243; global_colors_info=\u00bb{}\u00bb][\/et_pb_button][\/et_pb_column][\/et_pb_row][\/et_pb_section]","protected":false},"excerpt":{"rendered":"<p>INFORMACI\u00d3NCaboo Music Club es una discoteca situada en el coraz\u00f3n de Cabo Roig, en la Orihuela Costa, que desde su creaci\u00f3n se ha convertido en un referente para los amantes de la m\u00fasica y la cultura de club en la Costa Blanca. Desde el primer d\u00eda, nuestro objetivo ha sido ofrecer un espacio \u00fanico, donde [&hellip;]<\/p>","protected":false},"author":1,"featured_media":0,"parent":0,"menu_order":0,"comment_status":"closed","ping_status":"closed","template":"","meta":{"_et_pb_use_builder":"on","_et_pb_old_content":"","_et_gb_content_width":"","footnotes":""},"class_list":["post-387","page","type-page","status-publish","hentry"],"yoast_head":"<!-- This site is optimized with the Yoast SEO plugin v24.3 - https:\/\/yoast.com\/wordpress\/plugins\/seo\/ -->\n<title>Caboo Music Club, Cabo Roig, Orihuela Costa, Alicante.<\/title>\n<meta name=\"description\" content=\"Discoteca en Cabo Roig, Orihuela Costa, Torrevieja, Alicante. Referente de la m\u00fasica electr\u00f3nica, techno y house en la Costa Blanca.\" \/>\n<meta name=\"robots\" content=\"index, follow, max-snippet:-1, max-image-preview:large, max-video-preview:-1\" \/>\n<link rel=\"canonical\" href=\"https:\/\/caboo.es\/en\/info\/\" \/>\n<meta property=\"og:locale\" content=\"en_GB\" \/>\n<meta property=\"og:type\" content=\"article\" \/>\n<meta property=\"og:title\" content=\"Caboo Music Club, Cabo Roig, Orihuela Costa, Alicante.\" \/>\n<meta property=\"og:description\" content=\"Discoteca en Cabo Roig, Orihuela Costa, Torrevieja, Alicante. Referente de la m\u00fasica electr\u00f3nica, techno y house en la Costa Blanca.\" \/>\n<meta property=\"og:url\" content=\"https:\/\/caboo.es\/en\/info\/\" \/>\n<meta property=\"og:site_name\" content=\"CABOO\" \/>\n<meta property=\"article:publisher\" content=\"https:\/\/www.facebook.com\/caboomusicclub?locale=ms_MY\" \/>\n<meta property=\"article:modified_time\" content=\"2025-02-02T10:35:20+00:00\" \/>\n<meta name=\"twitter:card\" content=\"summary_large_image\" \/>\n<meta name=\"twitter:label1\" content=\"Estimated reading time\" \/>\n\t<meta name=\"twitter:data1\" content=\"2 minutes\" \/>\n<script type=\"application\/ld+json\" class=\"yoast-schema-graph\">{\"@context\":\"https:\/\/schema.org\",\"@graph\":[{\"@type\":\"WebPage\",\"@id\":\"https:\/\/caboo.es\/info\/\",\"url\":\"https:\/\/caboo.es\/info\/\",\"name\":\"Caboo Music Club, Cabo Roig, Orihuela Costa, Alicante.\",\"isPartOf\":{\"@id\":\"https:\/\/caboo.es\/#website\"},\"datePublished\":\"2025-01-13T08:05:14+00:00\",\"dateModified\":\"2025-02-02T10:35:20+00:00\",\"description\":\"Discoteca en Cabo Roig, Orihuela Costa, Torrevieja, Alicante. Referente de la m\u00fasica electr\u00f3nica, techno y house en la Costa Blanca.\",\"breadcrumb\":{\"@id\":\"https:\/\/caboo.es\/info\/#breadcrumb\"},\"inLanguage\":\"en-GB\",\"potentialAction\":[{\"@type\":\"ReadAction\",\"target\":[\"https:\/\/caboo.es\/info\/\"]}]},{\"@type\":\"BreadcrumbList\",\"@id\":\"https:\/\/caboo.es\/info\/#breadcrumb\",\"itemListElement\":[{\"@type\":\"ListItem\",\"position\":1,\"name\":\"Home\",\"item\":\"https:\/\/caboo.es\/\"},{\"@type\":\"ListItem\",\"position\":2,\"name\":\"INFO\"}]},{\"@type\":\"WebSite\",\"@id\":\"https:\/\/caboo.es\/#website\",\"url\":\"https:\/\/caboo.es\/\",\"name\":\"CABOO\",\"description\":\"MUSIC CLUB\",\"publisher\":{\"@id\":\"https:\/\/caboo.es\/#organization\"},\"potentialAction\":[{\"@type\":\"SearchAction\",\"target\":{\"@type\":\"EntryPoint\",\"urlTemplate\":\"https:\/\/caboo.es\/?s={search_term_string}\"},\"query-input\":{\"@type\":\"PropertyValueSpecification\",\"valueRequired\":true,\"valueName\":\"search_term_string\"}}],\"inLanguage\":\"en-GB\"},{\"@type\":\"Organization\",\"@id\":\"https:\/\/caboo.es\/#organization\",\"name\":\"Music Club\",\"url\":\"https:\/\/caboo.es\/\",\"logo\":{\"@type\":\"ImageObject\",\"inLanguage\":\"en-GB\",\"@id\":\"https:\/\/caboo.es\/#\/schema\/logo\/image\/\",\"url\":\"https:\/\/caboo.es\/wp-content\/uploads\/2024\/12\/NEGRO.png\",\"contentUrl\":\"https:\/\/caboo.es\/wp-content\/uploads\/2024\/12\/NEGRO.png\",\"width\":1174,\"height\":1249,\"caption\":\"Music Club\"},\"image\":{\"@id\":\"https:\/\/caboo.es\/#\/schema\/logo\/image\/\"},\"sameAs\":[\"https:\/\/www.facebook.com\/caboomusicclub?locale=ms_MY\",\"https:\/\/www.instagram.com\/caboomusicclub\/\",\"https:\/\/soundcloud.com\/caboomusicclub\",\"https:\/\/open.spotify.com\/user\/31leggujjmg6tmmr776pzljnsao4\",\"https:\/\/www.youtube.com\/@caboomusicclub\"]}]}<\/script>\n<!-- \/ Yoast SEO plugin. -->","yoast_head_json":{"title":"Caboo Music Club, Cabo Roig, Orihuela Costa, Alicante.","description":"Discoteca en Cabo Roig, Orihuela Costa, Torrevieja, Alicante. Referente de la m\u00fasica electr\u00f3nica, techno y house en la Costa Blanca.","robots":{"index":"index","follow":"follow","max-snippet":"max-snippet:-1","max-image-preview":"max-image-preview:large","max-video-preview":"max-video-preview:-1"},"canonical":"https:\/\/caboo.es\/en\/info\/","og_locale":"en_GB","og_type":"article","og_title":"Caboo Music Club, Cabo Roig, Orihuela Costa, Alicante.","og_description":"Discoteca en Cabo Roig, Orihuela Costa, Torrevieja, Alicante. Referente de la m\u00fasica electr\u00f3nica, techno y house en la Costa Blanca.","og_url":"https:\/\/caboo.es\/en\/info\/","og_site_name":"CABOO","article_publisher":"https:\/\/www.facebook.com\/caboomusicclub?locale=ms_MY","article_modified_time":"2025-02-02T10:35:20+00:00","twitter_card":"summary_large_image","twitter_misc":{"Estimated reading time":"2 minutes"},"schema":{"@context":"https:\/\/schema.org","@graph":[{"@type":"WebPage","@id":"https:\/\/caboo.es\/info\/","url":"https:\/\/caboo.es\/info\/","name":"Caboo Music Club, Cabo Roig, Orihuela Costa, Alicante.","isPartOf":{"@id":"https:\/\/caboo.es\/#website"},"datePublished":"2025-01-13T08:05:14+00:00","dateModified":"2025-02-02T10:35:20+00:00","description":"Discoteca en Cabo Roig, Orihuela Costa, Torrevieja, Alicante. Referente de la m\u00fasica electr\u00f3nica, techno y house en la Costa Blanca.","breadcrumb":{"@id":"https:\/\/caboo.es\/info\/#breadcrumb"},"inLanguage":"en-GB","potentialAction":[{"@type":"ReadAction","target":["https:\/\/caboo.es\/info\/"]}]},{"@type":"BreadcrumbList","@id":"https:\/\/caboo.es\/info\/#breadcrumb","itemListElement":[{"@type":"ListItem","position":1,"name":"Home","item":"https:\/\/caboo.es\/"},{"@type":"ListItem","position":2,"name":"INFO"}]},{"@type":"WebSite","@id":"https:\/\/caboo.es\/#website","url":"https:\/\/caboo.es\/","name":"CABOO","description":"MUSIC CLUB","publisher":{"@id":"https:\/\/caboo.es\/#organization"},"potentialAction":[{"@type":"SearchAction","target":{"@type":"EntryPoint","urlTemplate":"https:\/\/caboo.es\/?s={search_term_string}"},"query-input":{"@type":"PropertyValueSpecification","valueRequired":true,"valueName":"search_term_string"}}],"inLanguage":"en-GB"},{"@type":"Organization","@id":"https:\/\/caboo.es\/#organization","name":"Music Club","url":"https:\/\/caboo.es\/","logo":{"@type":"ImageObject","inLanguage":"en-GB","@id":"https:\/\/caboo.es\/#\/schema\/logo\/image\/","url":"https:\/\/caboo.es\/wp-content\/uploads\/2024\/12\/NEGRO.png","contentUrl":"https:\/\/caboo.es\/wp-content\/uploads\/2024\/12\/NEGRO.png","width":1174,"height":1249,"caption":"Music Club"},"image":{"@id":"https:\/\/caboo.es\/#\/schema\/logo\/image\/"},"sameAs":["https:\/\/www.facebook.com\/caboomusicclub?locale=ms_MY","https:\/\/www.instagram.com\/caboomusicclub\/","https:\/\/soundcloud.com\/caboomusicclub","https:\/\/open.spotify.com\/user\/31leggujjmg6tmmr776pzljnsao4","https:\/\/www.youtube.com\/@caboomusicclub"]}]}},"_links":{"self":[{"href":"https:\/\/caboo.es\/en\/wp-json\/wp\/v2\/pages\/387","targetHints":{"allow":["GET"]}}],"collection":[{"href":"https:\/\/caboo.es\/en\/wp-json\/wp\/v2\/pages"}],"about":[{"href":"https:\/\/caboo.es\/en\/wp-json\/wp\/v2\/types\/page"}],"author":[{"embeddable":true,"href":"https:\/\/caboo.es\/en\/wp-json\/wp\/v2\/users\/1"}],"replies":[{"embeddable":true,"href":"https:\/\/caboo.es\/en\/wp-json\/wp\/v2\/comments?post=387"}],"version-history":[{"count":0,"href":"https:\/\/caboo.es\/en\/wp-json\/wp\/v2\/pages\/387\/revisions"}],"wp:attachment":[{"href":"https:\/\/caboo.es\/en\/wp-json\/wp\/v2\/media?parent=387"}],"curies":[{"name":"wp","href":"https:\/\/api.w.org\/{rel}","templated":true}]}}