{"id":353,"date":"2025-01-12T17:07:18","date_gmt":"2025-01-12T17:07:18","guid":{"rendered":"https:\/\/caboo.es\/?page_id=353"},"modified":"2025-02-02T12:21:39","modified_gmt":"2025-02-02T11:21:39","slug":"victor-polo","status":"publish","type":"page","link":"https:\/\/caboo.es\/en\/victor-polo\/","title":{"rendered":"VICTOR POLO"},"content":{"rendered":"[et_pb_section fb_built=\u00bb1&#8243; _builder_version=\u00bb4.27.4&#8243; _module_preset=\u00bbdefault\u00bb background_color=\u00bb#f4f4f4&#8243; custom_padding=\u00bb3px||4px|||\u00bb global_colors_info=\u00bb{}\u00bb][et_pb_row column_structure=\u00bb1_2,1_2&#8243; _builder_version=\u00bb4.27.4&#8243; _module_preset=\u00bbdefault\u00bb custom_padding=\u00bb||3px|||\u00bb global_colors_info=\u00bb{}\u00bb][et_pb_column type=\u00bb1_2&#8243; _builder_version=\u00bb4.27.4&#8243; _module_preset=\u00bbdefault\u00bb global_colors_info=\u00bb{}\u00bb][et_pb_image src=\u00bbhttps:\/\/caboo.es\/wp-content\/uploads\/2025\/01\/WhatsApp-Image-2025-01-11-at-21.25.11.jpeg\u00bb title_text=\u00bbWhatsApp Image 2025-01-11 at 21.25.11&#8243; _builder_version=\u00bb4.27.4&#8243; _module_preset=\u00bbdefault\u00bb global_colors_info=\u00bb{}\u00bb][\/et_pb_image][\/et_pb_column][et_pb_column type=\u00bb1_2&#8243; _builder_version=\u00bb4.27.4&#8243; _module_preset=\u00bbdefault\u00bb global_colors_info=\u00bb{}\u00bb][et_pb_text _builder_version=\u00bb4.27.4&#8243; _module_preset=\u00bbdefault\u00bb text_font=\u00bbCabinet Grotesk Medium||||||||\u00bb text_text_color=\u00bb#191919&#8243; text_font_size=\u00bb21px\u00bb global_colors_info=\u00bb{}\u00bb]<p>BIOGRAPHY<\/p>[\/et_pb_text][et_pb_text _builder_version=\u00bb4.27.4&#8243; _module_preset=\u00bbdefault\u00bb text_font=\u00bbCabinet Grotesk black||||||||\u00bb text_text_color=\u00bb#191919&#8243; text_font_size=\u00bb50px\u00bb custom_margin=\u00bb-12px||14px|-2px|false|false\u00bb hover_enabled=\u00bb0&#8243; global_colors_info=\u00bb{}\u00bb text_font_size_last_edited=\u00bbon|phone\u00bb sticky_enabled=\u00bb0&#8243; text_font_size_phone=\u00bb38px\u00bb text_font_size_tablet=\u00bb50px\u00bb]<p>VICTOR POLO<\/p>[\/et_pb_text][et_pb_text _builder_version=\u00bb4.27.4&#8243; _module_preset=\u00bbdefault\u00bb text_font=\u00bbCabinet Grotesk Regular||||||||\u00bb text_text_color=\u00bb#191919&#8243; text_font_size=\u00bb15px\u00bb text_line_height=\u00bb1em\u00bb global_colors_info=\u00bb{}\u00bb]<p>V\u00edctor Polo has been deeply involved in electronic music his entire life. This Valencia native first encountered turntables at the age of 12 and was already creating his first tracks by 14. Since then, he has enjoyed a meteoric career that has seen him tour all over Spain and much of the world with his performances, and his productions have been released on some of the most important labels on the international scene.<\/p>\n<p>In 2011, at just 20 years old, he signed with the Canary Islands label Chola Records, where he released his first productions. From then on, he gained international recognition with work on labels such as Innocent Music, Cachai, TBX, Low Groove, Ovrdose Deep, Blind Vision, 12+1 LONDON, NoPreset, Whoyostro, Metafloor, Pitch London, Tres 14 Music, 1994, Draft, SOS Rec, among others, many of which have entered the Top 100 on Beatport and other digital stores. He currently owns Cientoonce with Aaron Gehrig and two other partners. For years, he also hosted the Keepgrooving program with Omar Svenson on Loca FM Valencia, the most popular electronic music radio station in Spain.<\/p>\n<p>As a disc jockey he began his career as a resident and programmer at the renowned Mogambo club in Valencia, where he spent five years, and from there he made the leap to the booth of the legendary Miniclub, being the promoter of the Thursday session with his brand Cientoonce. His work capacity and perfectionism soon led him to perform in venues such as Hostel 3B (Canc\u00fan, Mexico), Eden (Ibiza), Rio (Ibiza), Nikki Beach (Lanzarote), Moss Club (Murcia), La Tierra (Mallorca), Spook (Valencia), Dsastre (Malaga), Big Ben (Tenerife), Chaman (Almer\u00eda), Caboo (Alicante), Cream (Valencia) or Luxaclub (Castell\u00f3n) sharing the booth with artists such as Luciano, Dubfire, Loco Dice, Miguel Bastida, Mendo, Yaya, Claptone, Shaun Reeves, De La Swing, Toman, Rossi. Los Suruba, Ramiro L\u00f3pez, Paco Osuna, The Martinez Brothers, Davide Squillace, and Gaiser, among others. \nHe has currently held his DJ residency at the iconic and historic Barraca venue in Valencia since 2017, until 2024, where he has shared the booth with major international artists.<br \/>Actualmente ha dejado su residencia de dj desde 2017 de la emblematica y historica sala Barraca(Valencia) hasta 2024,donde ha compartido cabina con grandes artistas internacionales.<\/p>\n<p>In both his productions and sessions, he pursues a very personal sound, always at the forefront but far from fads, with an innovative yet danceable approach to minimalism, tech-house, and deep house. This artist is known for his seriousness and creativity, always bringing the dance floor to life with his sound.<\/p>[\/et_pb_text][\/et_pb_column][\/et_pb_row][et_pb_row _builder_version=\u00bb4.27.4&#8243; _module_preset=\u00bbdefault\u00bb global_colors_info=\u00bb{}\u00bb][et_pb_column type=\u00bb4_4&#8243; _builder_version=\u00bb4.27.4&#8243; _module_preset=\u00bbdefault\u00bb global_colors_info=\u00bb{}\u00bb][et_pb_text _builder_version=\u00bb4.27.4&#8243; _module_preset=\u00bbdefault\u00bb text_font=\u00bbCabinet Grotesk black||||||||\u00bb text_text_color=\u00bb#191919&#8243; text_font_size=\u00bb28px\u00bb text_orientation=\u00bbcenter\u00bb global_colors_info=\u00bb{}\u00bb]<p>SETS<\/p>[\/et_pb_text][\/et_pb_column][\/et_pb_row][et_pb_row _builder_version=\u00bb4.27.4&#8243; _module_preset=\u00bbdefault\u00bb custom_margin=\u00bb-7px||||false|false\u00bb custom_padding=\u00bb2px|||||\u00bb global_colors_info=\u00bb{}\u00bb][et_pb_column type=\u00bb4_4&#8243; _builder_version=\u00bb4.27.4&#8243; _module_preset=\u00bbdefault\u00bb global_colors_info=\u00bb{}\u00bb][et_pb_code _builder_version=\u00bb4.27.4&#8243; _module_preset=\u00bbdefault\u00bb global_colors_info=\u00bb{}\u00bb]<iframe loading=\"lazy\" width=\"500%\" height=\"180\" scrolling=\"no\" frameborder=\"no\" allow=\"autoplay\" src=\"https:\/\/w.soundcloud.com\/player\/?url=https%3A\/\/api.soundcloud.com\/tracks\/1712686257&#038;color=%23ff5500&#038;auto_play=false&#038;hide_related=false&#038;show_comments=true&#038;show_user=true&#038;show_reposts=false&#038;show_teaser=true\"><\/iframe><div style=\"font-size: 10px; color: #cccccc;line-break: anywhere;word-break: normal;overflow: hidden;white-space: nowrap;text-overflow: ellipsis; font-family: Interstate,Lucida Grande,Lucida Sans Unicode,Lucida Sans,Garuda,Verdana,Tahoma,sans-serif;font-weight: 100;\"><a href=\"https:\/\/soundcloud.com\/victorpolodj\" title=\"Victor Polo\" target=\"_blank\" style=\"color: cccccc; text-decoration: none;\">[\/et_pb_code][et_pb_text _builder_version=\u00bb4.27.4&#8243; _module_preset=\u00bbdefault\u00bb text_font=\u00bbCabinet Grotesk black||||||||\u00bb text_text_color=\u00bb#191919&#8243; text_font_size=\u00bb28px\u00bb text_orientation=\u00bbcenter\u00bb global_colors_info=\u00bb{}\u00bb][\/et_pb_text][et_pb_text _builder_version=\u00bb4.27.4&#8243; _module_preset=\u00bbdefault\u00bb text_font=\u00bbCabinet Grotesk black||||||||\u00bb text_text_color=\u00bb#191919&#8243; text_font_size=\u00bb28px\u00bb text_orientation=\u00bbcenter\u00bb global_colors_info=\u00bb{}\u00bb]<p>PRODUCTIONS<\/p>[\/et_pb_text][et_pb_code _builder_version=\u00bb4.27.4&#8243; _module_preset=\u00bbdefault\u00bb custom_margin=\u00bb||0px||false|false\u00bb hover_enabled=\u00bb0&#8243; global_colors_info=\u00bb{}\u00bb raw_content_last_edited=\u00bbon|tablet\u00bb sticky_enabled=\u00bb0&#8243; raw_content_phone=\u00bb<iframe src=\"%22https:\/\/embed.beatport.com\/?id=4720888&#038;type=release%22\" width=\"%22100%%22\" height=\"%22360%22\" frameborder=\"%220%22\" scrolling=\"%22no%22\" style=\"%22max-width:1400px;%22\"><\/iframe>\u00bb raw_content_tablet=\u00bb<iframe src=\"%22https:\/\/embed.beatport.com\/?id=4720888&#038;type=release%22\" width=\"%22100%%22\" height=\"%22370%22\" frameborder=\"%220%22\" scrolling=\"%22no%22\" style=\"%22max-width:1400px;%22\"><\/iframe>\u00ab]<iframe loading=\"lazy\" src=\"https:\/\/embed.beatport.com\/?id=4720888&#038;type=release\" width=\"100%\" height=\"310\" frameborder=\"0\" scrolling=\"no\" style=\"max-width:1400px;\"><\/iframe>[\/et_pb_code][et_pb_code _builder_version=\u00bb4.27.4&#8243; _module_preset=\u00bbdefault\u00bb custom_margin=\u00bb||0px||false|false\u00bb hover_enabled=\u00bb0&#8243; global_colors_info=\u00bb{}\u00bb raw_content_last_edited=\u00bbon|tablet\u00bb sticky_enabled=\u00bb0&#8243; raw_content_phone=\u00bb<iframe src=\"%22https:\/\/embed.beatport.com\/?id=4498966&#038;type=release%22\" width=\"%22100%%22\" height=\"%22300%22\" frameborder=\"%220%22\" scrolling=\"%22no%22\" style=\"%22max-width:1400px;%22\"><\/iframe>\u00bb raw_content_tablet=\u00bb<iframe src=\"%22https:\/\/embed.beatport.com\/?id=4498966&#038;type=release%22\" width=\"%22100%%22\" height=\"%22310%22\" frameborder=\"%220%22\" scrolling=\"%22no%22\" style=\"%22max-width:1400px;%22\"><\/iframe>\u00ab]<iframe loading=\"lazy\" src=\"https:\/\/embed.beatport.com\/?id=4498966&#038;type=release\" width=\"100%\" height=\"250\" frameborder=\"0\" scrolling=\"no\" style=\"max-width:1400px;\"><\/iframe>[\/et_pb_code][et_pb_code _builder_version=\u00bb4.27.4&#8243; _module_preset=\u00bbdefault\u00bb hover_enabled=\u00bb0&#8243; global_colors_info=\u00bb{}\u00bb raw_content_last_edited=\u00bbon|tablet\u00bb sticky_enabled=\u00bb0&#8243; raw_content_phone=\u00bb<iframe src=\"%22https:\/\/embed.beatport.com\/?id=4048303&#038;type=release%22\" width=\"%22100%%22\" height=\"%22420%22\" frameborder=\"%220%22\" scrolling=\"%22no%22\" style=\"%22max-width:1400px;%22\"><\/iframe>\u00bb raw_content_tablet=\u00bb<iframe src=\"%22https:\/\/embed.beatport.com\/?id=4048303&#038;type=release%22\" width=\"%22100%%22\" height=\"%22430%22\" frameborder=\"%220%22\" scrolling=\"%22no%22\" style=\"%22max-width:1400px;%22\"><\/iframe>\u00ab]<iframe loading=\"lazy\" src=\"https:\/\/embed.beatport.com\/?id=4048303&#038;type=release\" width=\"100%\" height=\"370\" frameborder=\"0\" scrolling=\"no\" style=\"max-width:1400px;\"><\/iframe>[\/et_pb_code][\/et_pb_column][\/et_pb_row][et_pb_row _builder_version=\u00bb4.27.4&#8243; _module_preset=\u00bbdefault\u00bb custom_padding=\u00bb8px|||||\u00bb global_colors_info=\u00bb{}\u00bb][et_pb_column type=\u00bb4_4&#8243; _builder_version=\u00bb4.27.4&#8243; _module_preset=\u00bbdefault\u00bb global_colors_info=\u00bb{}\u00bb][et_pb_text _builder_version=\u00bb4.27.4&#8243; _module_preset=\u00bbdefault\u00bb text_font=\u00bbCabinet Grotesk black||||||||\u00bb text_text_color=\u00bb#191919&#8243; text_font_size=\u00bb28px\u00bb text_orientation=\u00bbcenter\u00bb custom_margin=\u00bb||-1px|||\u00bb global_colors_info=\u00bb{}\u00bb]<p style=\"text-align: center;\">SOCIAL MEDIA<\/p>[\/et_pb_text][et_pb_social_media_follow use_icon_font_size=\u00bbon\u00bb icon_font_size=\u00bb20px\u00bb _builder_version=\u00bb4.27.4&#8243; _module_preset=\u00bbdefault\u00bb text_orientation=\u00bbcenter\u00bb custom_margin=\u00bb7px||||false|false\u00bb hover_enabled=\u00bb0&#8243; global_colors_info=\u00bb{}\u00bb sticky_enabled=\u00bb0&#8243;][et_pb_social_media_follow_network social_network=\u00bbinstagram\u00bb icon_color=\u00bb#FFFFFF\u00bb _builder_version=\u00bb4.27.4&#8243; _module_preset=\u00bbdefault\u00bb background_color=\u00bb#ea2c59&#8243; hover_enabled=\u00bb0&#8243; global_colors_info=\u00bb{}\u00bb follow_button=\u00bboff\u00bb url_new_window=\u00bbon\u00bb url=\u00bbhttps:\/\/www.instagram.com\/victorpolodj\/\u00bb sticky_enabled=\u00bb0&#8243;]instagram[\/et_pb_social_media_follow_network][et_pb_social_media_follow_network social_network=\u00bbfacebook\u00bb _builder_version=\u00bb4.27.4&#8243; _module_preset=\u00bbdefault\u00bb background_color=\u00bb#3b5998&#8243; hover_enabled=\u00bb0&#8243; global_colors_info=\u00bb{}\u00bb follow_button=\u00bboff\u00bb url_new_window=\u00bbon\u00bb url=\u00bbhttps:\/\/www.facebook.com\/victorpoloproducer\/\u00bb sticky_enabled=\u00bb0&#8243;]facebook[\/et_pb_social_media_follow_network][et_pb_social_media_follow_network social_network=\u00bbspotify\u00bb _builder_version=\u00bb4.27.4&#8243; _module_preset=\u00bbdefault\u00bb background_color=\u00bb#1db954&#8243; hover_enabled=\u00bb0&#8243; global_colors_info=\u00bb{}\u00bb follow_button=\u00bboff\u00bb url_new_window=\u00bbon\u00bb url=\u00bbhttps:\/\/open.spotify.com\/intl-es\/artist\/2gBFq1JYJ6fEwuxuXswy5d?si=QMv9uSDeRbix5vtSF0i8jQ\u00bb sticky_enabled=\u00bb0&#8243;]spotify[\/et_pb_social_media_follow_network][et_pb_social_media_follow_network social_network=\u00bbsoundcloud\u00bb _builder_version=\u00bb4.27.4&#8243; _module_preset=\u00bbdefault\u00bb background_color=\u00bb#ff8800&#8243; hover_enabled=\u00bb0&#8243; global_colors_info=\u00bb{}\u00bb follow_button=\u00bboff\u00bb url_new_window=\u00bbon\u00bb url=\u00bbhttps:\/\/soundcloud.com\/victorpolodj\u00bb sticky_enabled=\u00bb0&#8243;]soundcloud[\/et_pb_social_media_follow_network][et_pb_social_media_follow_network social_network=\u00bbitunes\u00bb _builder_version=\u00bb4.27.4&#8243; _module_preset=\u00bbdefault\u00bb background_color=\u00bb#fe7333&#8243; hover_enabled=\u00bb0&#8243; global_colors_info=\u00bb{}\u00bb follow_button=\u00bboff\u00bb url_new_window=\u00bbon\u00bb url=\u00bbhttps:\/\/music.apple.com\/es\/artist\/victor-polo\/445214536&#8243; sticky_enabled=\u00bb0&#8243;]itunes[\/et_pb_social_media_follow_network][et_pb_social_media_follow_network _builder_version=\u00bb4.27.4&#8243; _module_preset=\u00bbdefault\u00bb background_image=\u00bbhttps:\/\/caboo.es\/wp-content\/uploads\/2025\/01\/BEATPORT-WEB.jpg\u00bb background_enable_image=\u00bbon\u00bb background_size=\u00bbcontain\u00bb hover_enabled=\u00bb0&#8243; global_colors_info=\u00bb{}\u00bb follow_button=\u00bboff\u00bb url_new_window=\u00bbon\u00bb url=\u00bbhttps:\/\/www.beatport.com\/artist\/victor-polo\/182094?srsltid=AfmBOoqtoBNC0Nf8rRXWUjeX3mXNeSPGKhZpocV4dZ3_VQW1N0XMSxA5&#8243; sticky_enabled=\u00bb0&#8243;][\/et_pb_social_media_follow_network][\/et_pb_social_media_follow][\/et_pb_column][\/et_pb_row][\/et_pb_section]","protected":false},"excerpt":{"rendered":"<p>BIOGRAF\u00cdAVICTOR POLOV\u00edctor Polo lleva toda su vida muy ligado a la m\u00fasica electr\u00f3nica. Este nativo de Valencia tuvo sus primeros contactos con los platos a la edad de 12 a\u00f1os y con 14 ya estaba creando sus primeros temas. Desde entonces ha llevado una mete\u00f3rica carrera con la que ha recorrido toda Espa\u00f1a y buena [&hellip;]<\/p>","protected":false},"author":1,"featured_media":0,"parent":0,"menu_order":0,"comment_status":"closed","ping_status":"closed","template":"","meta":{"_et_pb_use_builder":"on","_et_pb_old_content":"","_et_gb_content_width":"","footnotes":""},"class_list":["post-353","page","type-page","status-publish","hentry"],"yoast_head":"<!-- This site is optimized with the Yoast SEO plugin v24.3 - https:\/\/yoast.com\/wordpress\/plugins\/seo\/ -->\n<title>Victor Polo - Dj Residente - Caboo Music Club. Alicante.<\/title>\n<meta name=\"description\" content=\"DJ | productor de Minimal, Tech-House y Deep House. Con actuaciones en clubs como Barraca, Eden, Nikki Beach, Spook y muchos m\u00e1s.\" \/>\n<meta name=\"robots\" content=\"index, follow, max-snippet:-1, max-image-preview:large, max-video-preview:-1\" \/>\n<link rel=\"canonical\" href=\"https:\/\/caboo.es\/en\/victor-polo\/\" \/>\n<meta property=\"og:locale\" content=\"en_GB\" \/>\n<meta property=\"og:type\" content=\"article\" \/>\n<meta property=\"og:title\" content=\"Victor Polo - Dj Residente - Caboo Music Club. Alicante.\" \/>\n<meta property=\"og:description\" content=\"DJ | productor de Minimal, Tech-House y Deep House. Con actuaciones en clubs como Barraca, Eden, Nikki Beach, Spook y muchos m\u00e1s.\" \/>\n<meta property=\"og:url\" content=\"https:\/\/caboo.es\/en\/victor-polo\/\" \/>\n<meta property=\"og:site_name\" content=\"CABOO\" \/>\n<meta property=\"article:publisher\" content=\"https:\/\/www.facebook.com\/caboomusicclub?locale=ms_MY\" \/>\n<meta property=\"article:modified_time\" content=\"2025-02-02T11:21:39+00:00\" \/>\n<meta name=\"twitter:card\" content=\"summary_large_image\" \/>\n<meta name=\"twitter:label1\" content=\"Estimated reading time\" \/>\n\t<meta name=\"twitter:data1\" content=\"3 minutes\" \/>\n<script type=\"application\/ld+json\" class=\"yoast-schema-graph\">{\"@context\":\"https:\/\/schema.org\",\"@graph\":[{\"@type\":\"WebPage\",\"@id\":\"https:\/\/caboo.es\/victor-polo\/\",\"url\":\"https:\/\/caboo.es\/victor-polo\/\",\"name\":\"Victor Polo - Dj Residente - Caboo Music Club. Alicante.\",\"isPartOf\":{\"@id\":\"https:\/\/caboo.es\/#website\"},\"datePublished\":\"2025-01-12T17:07:18+00:00\",\"dateModified\":\"2025-02-02T11:21:39+00:00\",\"description\":\"DJ | productor de Minimal, Tech-House y Deep House. Con actuaciones en clubs como Barraca, Eden, Nikki Beach, Spook y muchos m\u00e1s.\",\"breadcrumb\":{\"@id\":\"https:\/\/caboo.es\/victor-polo\/#breadcrumb\"},\"inLanguage\":\"en-GB\",\"potentialAction\":[{\"@type\":\"ReadAction\",\"target\":[\"https:\/\/caboo.es\/victor-polo\/\"]}]},{\"@type\":\"BreadcrumbList\",\"@id\":\"https:\/\/caboo.es\/victor-polo\/#breadcrumb\",\"itemListElement\":[{\"@type\":\"ListItem\",\"position\":1,\"name\":\"Home\",\"item\":\"https:\/\/caboo.es\/\"},{\"@type\":\"ListItem\",\"position\":2,\"name\":\"VICTOR POLO\"}]},{\"@type\":\"WebSite\",\"@id\":\"https:\/\/caboo.es\/#website\",\"url\":\"https:\/\/caboo.es\/\",\"name\":\"CABOO\",\"description\":\"MUSIC CLUB\",\"publisher\":{\"@id\":\"https:\/\/caboo.es\/#organization\"},\"potentialAction\":[{\"@type\":\"SearchAction\",\"target\":{\"@type\":\"EntryPoint\",\"urlTemplate\":\"https:\/\/caboo.es\/?s={search_term_string}\"},\"query-input\":{\"@type\":\"PropertyValueSpecification\",\"valueRequired\":true,\"valueName\":\"search_term_string\"}}],\"inLanguage\":\"en-GB\"},{\"@type\":\"Organization\",\"@id\":\"https:\/\/caboo.es\/#organization\",\"name\":\"Music Club\",\"url\":\"https:\/\/caboo.es\/\",\"logo\":{\"@type\":\"ImageObject\",\"inLanguage\":\"en-GB\",\"@id\":\"https:\/\/caboo.es\/#\/schema\/logo\/image\/\",\"url\":\"https:\/\/caboo.es\/wp-content\/uploads\/2024\/12\/NEGRO.png\",\"contentUrl\":\"https:\/\/caboo.es\/wp-content\/uploads\/2024\/12\/NEGRO.png\",\"width\":1174,\"height\":1249,\"caption\":\"Music Club\"},\"image\":{\"@id\":\"https:\/\/caboo.es\/#\/schema\/logo\/image\/\"},\"sameAs\":[\"https:\/\/www.facebook.com\/caboomusicclub?locale=ms_MY\",\"https:\/\/www.instagram.com\/caboomusicclub\/\",\"https:\/\/soundcloud.com\/caboomusicclub\",\"https:\/\/open.spotify.com\/user\/31leggujjmg6tmmr776pzljnsao4\",\"https:\/\/www.youtube.com\/@caboomusicclub\"]}]}<\/script>\n<!-- \/ Yoast SEO plugin. -->","yoast_head_json":{"title":"Victor Polo - Dj Residente - Caboo Music Club. Alicante.","description":"DJ | productor de Minimal, Tech-House y Deep House. Con actuaciones en clubs como Barraca, Eden, Nikki Beach, Spook y muchos m\u00e1s.","robots":{"index":"index","follow":"follow","max-snippet":"max-snippet:-1","max-image-preview":"max-image-preview:large","max-video-preview":"max-video-preview:-1"},"canonical":"https:\/\/caboo.es\/en\/victor-polo\/","og_locale":"en_GB","og_type":"article","og_title":"Victor Polo - Dj Residente - Caboo Music Club. Alicante.","og_description":"DJ | productor de Minimal, Tech-House y Deep House. Con actuaciones en clubs como Barraca, Eden, Nikki Beach, Spook y muchos m\u00e1s.","og_url":"https:\/\/caboo.es\/en\/victor-polo\/","og_site_name":"CABOO","article_publisher":"https:\/\/www.facebook.com\/caboomusicclub?locale=ms_MY","article_modified_time":"2025-02-02T11:21:39+00:00","twitter_card":"summary_large_image","twitter_misc":{"Estimated reading time":"3 minutes"},"schema":{"@context":"https:\/\/schema.org","@graph":[{"@type":"WebPage","@id":"https:\/\/caboo.es\/victor-polo\/","url":"https:\/\/caboo.es\/victor-polo\/","name":"Victor Polo - Dj Residente - Caboo Music Club. Alicante.","isPartOf":{"@id":"https:\/\/caboo.es\/#website"},"datePublished":"2025-01-12T17:07:18+00:00","dateModified":"2025-02-02T11:21:39+00:00","description":"DJ | productor de Minimal, Tech-House y Deep House. Con actuaciones en clubs como Barraca, Eden, Nikki Beach, Spook y muchos m\u00e1s.","breadcrumb":{"@id":"https:\/\/caboo.es\/victor-polo\/#breadcrumb"},"inLanguage":"en-GB","potentialAction":[{"@type":"ReadAction","target":["https:\/\/caboo.es\/victor-polo\/"]}]},{"@type":"BreadcrumbList","@id":"https:\/\/caboo.es\/victor-polo\/#breadcrumb","itemListElement":[{"@type":"ListItem","position":1,"name":"Home","item":"https:\/\/caboo.es\/"},{"@type":"ListItem","position":2,"name":"VICTOR POLO"}]},{"@type":"WebSite","@id":"https:\/\/caboo.es\/#website","url":"https:\/\/caboo.es\/","name":"CABOO","description":"MUSIC CLUB","publisher":{"@id":"https:\/\/caboo.es\/#organization"},"potentialAction":[{"@type":"SearchAction","target":{"@type":"EntryPoint","urlTemplate":"https:\/\/caboo.es\/?s={search_term_string}"},"query-input":{"@type":"PropertyValueSpecification","valueRequired":true,"valueName":"search_term_string"}}],"inLanguage":"en-GB"},{"@type":"Organization","@id":"https:\/\/caboo.es\/#organization","name":"Music Club","url":"https:\/\/caboo.es\/","logo":{"@type":"ImageObject","inLanguage":"en-GB","@id":"https:\/\/caboo.es\/#\/schema\/logo\/image\/","url":"https:\/\/caboo.es\/wp-content\/uploads\/2024\/12\/NEGRO.png","contentUrl":"https:\/\/caboo.es\/wp-content\/uploads\/2024\/12\/NEGRO.png","width":1174,"height":1249,"caption":"Music Club"},"image":{"@id":"https:\/\/caboo.es\/#\/schema\/logo\/image\/"},"sameAs":["https:\/\/www.facebook.com\/caboomusicclub?locale=ms_MY","https:\/\/www.instagram.com\/caboomusicclub\/","https:\/\/soundcloud.com\/caboomusicclub","https:\/\/open.spotify.com\/user\/31leggujjmg6tmmr776pzljnsao4","https:\/\/www.youtube.com\/@caboomusicclub"]}]}},"_links":{"self":[{"href":"https:\/\/caboo.es\/en\/wp-json\/wp\/v2\/pages\/353","targetHints":{"allow":["GET"]}}],"collection":[{"href":"https:\/\/caboo.es\/en\/wp-json\/wp\/v2\/pages"}],"about":[{"href":"https:\/\/caboo.es\/en\/wp-json\/wp\/v2\/types\/page"}],"author":[{"embeddable":true,"href":"https:\/\/caboo.es\/en\/wp-json\/wp\/v2\/users\/1"}],"replies":[{"embeddable":true,"href":"https:\/\/caboo.es\/en\/wp-json\/wp\/v2\/comments?post=353"}],"version-history":[{"count":0,"href":"https:\/\/caboo.es\/en\/wp-json\/wp\/v2\/pages\/353\/revisions"}],"wp:attachment":[{"href":"https:\/\/caboo.es\/en\/wp-json\/wp\/v2\/media?parent=353"}],"curies":[{"name":"wp","href":"https:\/\/api.w.org\/{rel}","templated":true}]}}