{"id":254,"date":"2025-01-12T13:03:20","date_gmt":"2025-01-12T13:03:20","guid":{"rendered":"https:\/\/caboo.es\/?page_id=254"},"modified":"2025-02-02T12:17:57","modified_gmt":"2025-02-02T11:17:57","slug":"ruben-verone","status":"publish","type":"page","link":"https:\/\/caboo.es\/en\/ruben-verone\/","title":{"rendered":"RUBEN VERONE"},"content":{"rendered":"[et_pb_section fb_built=\u00bb1&#8243; _builder_version=\u00bb4.27.4&#8243; _module_preset=\u00bbdefault\u00bb background_color=\u00bb#f4f4f4&#8243; custom_padding=\u00bb3px||4px|||\u00bb global_colors_info=\u00bb{}\u00bb][et_pb_row column_structure=\u00bb1_2,1_2&#8243; _builder_version=\u00bb4.27.4&#8243; _module_preset=\u00bbdefault\u00bb custom_padding=\u00bb||3px|||\u00bb global_colors_info=\u00bb{}\u00bb][et_pb_column type=\u00bb1_2&#8243; _builder_version=\u00bb4.27.4&#8243; _module_preset=\u00bbdefault\u00bb global_colors_info=\u00bb{}\u00bb][et_pb_image src=\u00bbhttps:\/\/caboo.es\/wp-content\/uploads\/2025\/01\/rubens.jpg\u00bb title_text=\u00bbrubens\u00bb _builder_version=\u00bb4.27.4&#8243; _module_preset=\u00bbdefault\u00bb global_colors_info=\u00bb{}\u00bb][\/et_pb_image][\/et_pb_column][et_pb_column type=\u00bb1_2&#8243; _builder_version=\u00bb4.27.4&#8243; _module_preset=\u00bbdefault\u00bb global_colors_info=\u00bb{}\u00bb][et_pb_text _builder_version=\u00bb4.27.4&#8243; _module_preset=\u00bbdefault\u00bb text_font=\u00bbCabinet Grotesk Medium||||||||\u00bb text_text_color=\u00bb#191919&#8243; text_font_size=\u00bb21px\u00bb global_colors_info=\u00bb{}\u00bb]<p>BIOGRAPHY<\/p>[\/et_pb_text][et_pb_text _builder_version=\u00bb4.27.4&#8243; _module_preset=\u00bbdefault\u00bb text_font=\u00bbCabinet Grotesk black||||||||\u00bb text_text_color=\u00bb#191919&#8243; text_font_size=\u00bb50px\u00bb custom_margin=\u00bb-12px||16px|-2px|false|false\u00bb text_font_size_tablet=\u00bb69px\u00bb text_font_size_phone=\u00bb40px\u00bb text_font_size_last_edited=\u00bbon|desktop\u00bb global_colors_info=\u00bb{}\u00bb]<p>RUBEN VERONE<\/p>[\/et_pb_text][et_pb_text _builder_version=\u00bb4.27.4&#8243; _module_preset=\u00bbdefault\u00bb text_font=\u00bbCabinet Grotesk Regular||||||||\u00bb text_text_color=\u00bb#191919&#8243; text_font_size=\u00bb15px\u00bb text_line_height=\u00bb1em\u00bb global_colors_info=\u00bb{}\u00bb]<p>Ruben Verone is making his mark through a unique interpretation of the Tech House and Minimal Deep Tech soundscape. Both his DJ sets and productions have a coherent energy and infectious rhythms. The key component.<br \/>2021 was decisive for Ruben Verone's career, with several tracks in the Beatport Tech House &amp; Tech House Hype Top 100. This began with his 'You Know That' EP on Habitat, which received support from scene heavyweights such as Stanny Abraham, Lexlay, Miguel Bastida, and many more. The 'Mobbing Tek' EP on Baikonur Recordings was similarly successful, reaching the Top 47 Tech House Releases and continued the momentum with support from artists such as Mihalis Safras, Shiba San, Tini Gessler, Alvaro Smart, Miguel Bastida, Paco Osuna, and many more, playing his tracks at festivals such as elrow. The most exciting project arose when Rone White and Rowen Clark asked him to remix their track \"Life's A Bitch,\" which charted in the Beatport Tech House Top 100, Top 100 Hype, and Top 10 Beatport Tech House Hype. Years later, he's now charted in various charts, including the Beatport Hype Minimal Deep Tech Top 100, Top 100 Minimal Deep Tech, and Beatport Hype Top 100, with his track Bubbling from Rawtracks and La Nacional from Sk Recordings. Considering his relatively short time in the spotlight, he's already made a lasting impression.<\/p>\n<p>Showing consistency, Ruben Verone is fittingly releasing new releases in 2024 for labels such as Sk Recordings, Rawtracks, Ohana Label, and more. With support from The Martinez Brothers, Wheats, Sosa, Manda Moor, Proudly People, Bastian Bux, Daniel Orpi, and other heavyweights in the scene, these are sure to be other decisive EPs for the artist. Along with a busy schedule of events across Spain and an arsenal of releases waiting to be released on the most exciting labels in the scene, 2024 will be his best yet.<\/p>\n<p>Ruben Verone is a music lover in every sense of the word; the rest can be seen by listening and experiencing what he brings. With appearances at acclaimed venues such as Pacha (Barcelona), Metro Dance Club (Bigastro), Revival (Alicante), True Club (M\u00e1laga), Guru Dance Club (Murcia), Cham\u00e1n (Almer\u00eda), and his current residency with Caboo Music Club in Alicante, Ruben Verone is sure to create moments and share experiences on a dance floor near you.<\/p>[\/et_pb_text][\/et_pb_column][\/et_pb_row][et_pb_row _builder_version=\u00bb4.27.4&#8243; _module_preset=\u00bbdefault\u00bb global_colors_info=\u00bb{}\u00bb][et_pb_column type=\u00bb4_4&#8243; _builder_version=\u00bb4.27.4&#8243; _module_preset=\u00bbdefault\u00bb global_colors_info=\u00bb{}\u00bb][et_pb_text _builder_version=\u00bb4.27.4&#8243; _module_preset=\u00bbdefault\u00bb text_font=\u00bbCabinet Grotesk black||||||||\u00bb text_text_color=\u00bb#191919&#8243; text_font_size=\u00bb28px\u00bb text_orientation=\u00bbcenter\u00bb global_colors_info=\u00bb{}\u00bb]<p>SETS<\/p>[\/et_pb_text][\/et_pb_column][\/et_pb_row][et_pb_row _builder_version=\u00bb4.27.4&#8243; _module_preset=\u00bbdefault\u00bb custom_margin=\u00bb-7px||||false|false\u00bb custom_padding=\u00bb2px|||||\u00bb global_colors_info=\u00bb{}\u00bb][et_pb_column type=\u00bb4_4&#8243; _builder_version=\u00bb4.27.4&#8243; _module_preset=\u00bbdefault\u00bb global_colors_info=\u00bb{}\u00bb][et_pb_code _builder_version=\u00bb4.27.4&#8243; _module_preset=\u00bbdefault\u00bb custom_margin=\u00bb||25px||false|false\u00bb global_colors_info=\u00bb{}\u00bb]<iframe loading=\"lazy\" width=\"500%\" height=\"180\" scrolling=\"no\" frameborder=\"no\" allow=\"autoplay\" src=\"https:\/\/w.soundcloud.com\/player\/?url=https%3A\/\/api.soundcloud.com\/playlists\/1820575362&#038;color=%23ff5500&#038;auto_play=false&#038;hide_related=false&#038;show_comments=true&#038;show_user=true&#038;show_reposts=false&#038;show_teaser=true\"><\/iframe><div style=\"font-size: 10px; color: #cccccc;line-break: anywhere;word-break: normal;overflow: hidden;white-space: nowrap;text-overflow: ellipsis; font-family: Interstate,Lucida Grande,Lucida Sans Unicode,Lucida Sans,Garuda,Verdana,Tahoma,sans-serif;font-weight: 100;\"><a href=\"https:\/\/soundcloud.com\/rubenverone\" title=\"Ruben Verone\" target=\"_blank\" style=\"color: cccccc; text-decoration: none;\">[\/et_pb_code][et_pb_code _builder_version=\u00bb4.27.4&#8243; _module_preset=\u00bbdefault\u00bb custom_margin=\u00bb||25px||false|false\u00bb global_colors_info=\u00bb{}\u00bb][\/et_pb_code][et_pb_text _builder_version=\u00bb4.27.4&#8243; _module_preset=\u00bbdefault\u00bb text_font=\u00bbCabinet Grotesk black||||||||\u00bb text_text_color=\u00bb#191919&#8243; text_font_size=\u00bb28px\u00bb text_orientation=\u00bbcenter\u00bb custom_margin=\u00bb||18px||false|false\u00bb global_colors_info=\u00bb{}\u00bb]<p>PRODUCTIONS<\/p>[\/et_pb_text][et_pb_code raw_content_tablet=\u00bb<\/iframe> <iframe src=\"%22https:\/\/embed.beatport.com\/?id=19048055&#038;type=track%22\" width=\"%22100%%22\" height=\"%22170%22\" frameborder=\"%220%22\" scrolling=\"%22no%22\" style=\"%22max-width:1450px;%22\"><\/iframe>\u00bb raw_content_phone=\u00bb<\/iframe> <iframe src=\"%22https:\/\/embed.beatport.com\/?id=19048055&#038;type=track%22\" width=\"%22100%%22\" height=\"%22160%22\" frameborder=\"%220%22\" scrolling=\"%22no%22\" style=\"%22max-width:1450px;%22\"><\/iframe>\u00bb raw_content_last_edited=\u00bbon|tablet\u00bb _builder_version=\u00bb4.27.4&#8243; _module_preset=\u00bbdefault\u00bb custom_margin=\u00bb21px||0px||false|false\u00bb global_colors_info=\u00bb{}\u00bb]<\/iframe> <iframe loading=\"lazy\" src=\"https:\/\/embed.beatport.com\/?id=19048055&#038;type=track\" width=\"100%\" height=\"100\" frameborder=\"0\" scrolling=\"no\" style=\"max-width:1450px;\"><\/iframe>[\/et_pb_code][et_pb_code raw_content_tablet=\u00bb<iframe src=\"%22https:\/\/embed.beatport.com\/?id=4646907&#038;type=release%22\" width=\"%22100%%22\" height=\"%22310%22\" frameborder=\"%220%22\" scrolling=\"%22no%22\" style=\"%22max-width:1450px;%22\"><\/iframe>\u00bb raw_content_phone=\u00bb<iframe src=\"%22https:\/\/embed.beatport.com\/?id=4646907&#038;type=release%22\" width=\"%22100%%22\" height=\"%22300%22\" frameborder=\"%220%22\" scrolling=\"%22no%22\" style=\"%22max-width:1450px;%22\"><\/iframe>\u00bb raw_content_last_edited=\u00bbon|tablet\u00bb _builder_version=\u00bb4.27.4&#8243; _module_preset=\u00bbdefault\u00bb custom_margin=\u00bb||0px||false|false\u00bb global_colors_info=\u00bb{}\u00bb]<iframe loading=\"lazy\" src=\"https:\/\/embed.beatport.com\/?id=4646907&#038;type=release\" width=\"100%\" height=\"250\" frameborder=\"0\" scrolling=\"no\" style=\"max-width:1450px;\"><\/iframe>[\/et_pb_code][et_pb_code raw_content_tablet=\u00bb<iframe src=\"%22https:\/\/embed.beatport.com\/?id=4618401&#038;type=release%22\" width=\"%22100%%22\" height=\"%22370%22\" frameborder=\"%220%22\" scrolling=\"%22no%22\" style=\"%22max-width:1450px;%22\"><\/iframe>\u00bb raw_content_phone=\u00bb<iframe src=\"%22https:\/\/embed.beatport.com\/?id=4618401&#038;type=release%22\" width=\"%22100%%22\" height=\"%22360%22\" frameborder=\"%220%22\" scrolling=\"%22no%22\" style=\"%22max-width:1450px;%22\"><\/iframe>\u00bb raw_content_last_edited=\u00bbon|tablet\u00bb _builder_version=\u00bb4.27.4&#8243; _module_preset=\u00bbdefault\u00bb global_colors_info=\u00bb{}\u00bb]<iframe loading=\"lazy\" src=\"https:\/\/embed.beatport.com\/?id=4618401&#038;type=release\" width=\"100%\" height=\"300\" frameborder=\"0\" scrolling=\"no\" style=\"max-width:1450px;\"><\/iframe>[\/et_pb_code][\/et_pb_column][\/et_pb_row][et_pb_row _builder_version=\u00bb4.27.4&#8243; _module_preset=\u00bbdefault\u00bb custom_padding=\u00bb8px|||||\u00bb global_colors_info=\u00bb{}\u00bb][et_pb_column type=\u00bb4_4&#8243; _builder_version=\u00bb4.27.4&#8243; _module_preset=\u00bbdefault\u00bb global_colors_info=\u00bb{}\u00bb][et_pb_text _builder_version=\u00bb4.27.4&#8243; _module_preset=\u00bbdefault\u00bb text_font=\u00bbCabinet Grotesk black||||||||\u00bb text_text_color=\u00bb#191919&#8243; text_font_size=\u00bb28px\u00bb text_orientation=\u00bbcenter\u00bb module_alignment=\u00bbcenter\u00bb custom_margin=\u00bb||-1px|||\u00bb global_colors_info=\u00bb{}\u00bb]<p style=\"text-align: center;\">SOCIAL MEDIA<\/p>[\/et_pb_text][et_pb_social_media_follow icon_color=\u00bb#FFFFFF\u00bb use_icon_font_size=\u00bbon\u00bb icon_font_size=\u00bb20px\u00bb _builder_version=\u00bb4.27.4&#8243; _module_preset=\u00bbdefault\u00bb text_orientation=\u00bbcenter\u00bb custom_margin=\u00bb7px||||false|false\u00bb global_colors_info=\u00bb{}\u00bb][et_pb_social_media_follow_network social_network=\u00bbinstagram\u00bb url=\u00bbhttps:\/\/www.instagram.com\/rubenverone\/\u00bb icon_color=\u00bb#FFFFFF\u00bb _builder_version=\u00bb4.27.4&#8243; _module_preset=\u00bbdefault\u00bb background_color=\u00bb#ea2c59&#8243; global_colors_info=\u00bb{}\u00bb follow_button=\u00bboff\u00bb url_new_window=\u00bbon\u00bb]instagram[\/et_pb_social_media_follow_network][et_pb_social_media_follow_network social_network=\u00bbfacebook\u00bb url=\u00bbhttps:\/\/www.facebook.com\/RubenVeroneMusic\/\u00bb _builder_version=\u00bb4.27.4&#8243; _module_preset=\u00bbdefault\u00bb background_color=\u00bb#3b5998&#8243; global_colors_info=\u00bb{}\u00bb follow_button=\u00bboff\u00bb url_new_window=\u00bbon\u00bb]facebook[\/et_pb_social_media_follow_network][et_pb_social_media_follow_network social_network=\u00bbspotify\u00bb url=\u00bbhttps:\/\/open.spotify.com\/intl-es\/artist\/07me9TbSPKRVP6menY6ukf\u00bb _builder_version=\u00bb4.27.4&#8243; _module_preset=\u00bbdefault\u00bb background_color=\u00bb#1db954&#8243; global_colors_info=\u00bb{}\u00bb follow_button=\u00bboff\u00bb url_new_window=\u00bbon\u00bb]spotify[\/et_pb_social_media_follow_network][et_pb_social_media_follow_network social_network=\u00bbsoundcloud\u00bb url=\u00bbhttps:\/\/soundcloud.com\/rubenverone\u00bb _builder_version=\u00bb4.27.4&#8243; _module_preset=\u00bbdefault\u00bb background_color=\u00bb#ff8800&#8243; global_colors_info=\u00bb{}\u00bb follow_button=\u00bboff\u00bb url_new_window=\u00bbon\u00bb]soundcloud[\/et_pb_social_media_follow_network][et_pb_social_media_follow_network social_network=\u00bbitunes\u00bb url=\u00bbhttps:\/\/music.apple.com\/es\/artist\/ruben-verone\/1221300113&#8243; _builder_version=\u00bb4.27.4&#8243; _module_preset=\u00bbdefault\u00bb background_color=\u00bb#fe7333&#8243; global_colors_info=\u00bb{}\u00bb follow_button=\u00bboff\u00bb url_new_window=\u00bbon\u00bb]itunes[\/et_pb_social_media_follow_network][et_pb_social_media_follow_network url=\u00bbhttps:\/\/www.beatport.com\/artist\/ruben-verone\/606659&#8243; _builder_version=\u00bb4.27.4&#8243; _module_preset=\u00bbdefault\u00bb background_image=\u00bbhttps:\/\/caboo.es\/wp-content\/uploads\/2025\/01\/BEATPORT-WEB.jpg\u00bb background_enable_image=\u00bbon\u00bb background_size=\u00bbcontain\u00bb global_colors_info=\u00bb{}\u00bb follow_button=\u00bboff\u00bb url_new_window=\u00bbon\u00bb][\/et_pb_social_media_follow_network][\/et_pb_social_media_follow][\/et_pb_column][\/et_pb_row][\/et_pb_section]","protected":false},"excerpt":{"rendered":"<p>BIOGRAF\u00cdARUBEN VERONERuben Verone est\u00e1 dejando su huella a trav\u00e9s de una interpretaci\u00f3n \u00fanica del paisaje sonoro Tech House y Minimal Deep Tech. Tanto sus DJ sets como sus producciones tienen una energ\u00eda coherente y ritmos contagiosos. El componente clave.2021 fue decisivo para la carrera de Ruben Verone, con varios temas en el Top 100 de [&hellip;]<\/p>","protected":false},"author":1,"featured_media":0,"parent":0,"menu_order":0,"comment_status":"closed","ping_status":"closed","template":"","meta":{"_et_pb_use_builder":"on","_et_pb_old_content":"","_et_gb_content_width":"","footnotes":""},"class_list":["post-254","page","type-page","status-publish","hentry"],"yoast_head":"<!-- This site is optimized with the Yoast SEO plugin v24.3 - https:\/\/yoast.com\/wordpress\/plugins\/seo\/ -->\n<title>Ruben Verone - DJ Residente Caboo Music Club. Alicante.<\/title>\n<meta name=\"description\" content=\"DJ | Produuctor de Tech House y Minimal Deep Tech. Cuenta con actuaciones en Metro Dance Club, Gur\u00fa, True Club, Revival y muchos m\u00e1s.\" \/>\n<meta name=\"robots\" content=\"index, follow, max-snippet:-1, max-image-preview:large, max-video-preview:-1\" \/>\n<link rel=\"canonical\" href=\"https:\/\/caboo.es\/en\/ruben-verone\/\" \/>\n<meta property=\"og:locale\" content=\"en_GB\" \/>\n<meta property=\"og:type\" content=\"article\" \/>\n<meta property=\"og:title\" content=\"Ruben Verone - DJ Residente Caboo Music Club. Alicante.\" \/>\n<meta property=\"og:description\" content=\"DJ | Produuctor de Tech House y Minimal Deep Tech. Cuenta con actuaciones en Metro Dance Club, Gur\u00fa, True Club, Revival y muchos m\u00e1s.\" \/>\n<meta property=\"og:url\" content=\"https:\/\/caboo.es\/en\/ruben-verone\/\" \/>\n<meta property=\"og:site_name\" content=\"CABOO\" \/>\n<meta property=\"article:publisher\" content=\"https:\/\/www.facebook.com\/caboomusicclub?locale=ms_MY\" \/>\n<meta property=\"article:modified_time\" content=\"2025-02-02T11:17:57+00:00\" \/>\n<meta name=\"twitter:card\" content=\"summary_large_image\" \/>\n<meta name=\"twitter:label1\" content=\"Estimated reading time\" \/>\n\t<meta name=\"twitter:data1\" content=\"3 minutes\" \/>\n<script type=\"application\/ld+json\" class=\"yoast-schema-graph\">{\"@context\":\"https:\/\/schema.org\",\"@graph\":[{\"@type\":\"WebPage\",\"@id\":\"https:\/\/caboo.es\/ruben-verone\/\",\"url\":\"https:\/\/caboo.es\/ruben-verone\/\",\"name\":\"Ruben Verone - DJ Residente Caboo Music Club. Alicante.\",\"isPartOf\":{\"@id\":\"https:\/\/caboo.es\/#website\"},\"datePublished\":\"2025-01-12T13:03:20+00:00\",\"dateModified\":\"2025-02-02T11:17:57+00:00\",\"description\":\"DJ | Produuctor de Tech House y Minimal Deep Tech. Cuenta con actuaciones en Metro Dance Club, Gur\u00fa, True Club, Revival y muchos m\u00e1s.\",\"breadcrumb\":{\"@id\":\"https:\/\/caboo.es\/ruben-verone\/#breadcrumb\"},\"inLanguage\":\"en-GB\",\"potentialAction\":[{\"@type\":\"ReadAction\",\"target\":[\"https:\/\/caboo.es\/ruben-verone\/\"]}]},{\"@type\":\"BreadcrumbList\",\"@id\":\"https:\/\/caboo.es\/ruben-verone\/#breadcrumb\",\"itemListElement\":[{\"@type\":\"ListItem\",\"position\":1,\"name\":\"Home\",\"item\":\"https:\/\/caboo.es\/\"},{\"@type\":\"ListItem\",\"position\":2,\"name\":\"RUBEN VERONE\"}]},{\"@type\":\"WebSite\",\"@id\":\"https:\/\/caboo.es\/#website\",\"url\":\"https:\/\/caboo.es\/\",\"name\":\"CABOO\",\"description\":\"MUSIC CLUB\",\"publisher\":{\"@id\":\"https:\/\/caboo.es\/#organization\"},\"potentialAction\":[{\"@type\":\"SearchAction\",\"target\":{\"@type\":\"EntryPoint\",\"urlTemplate\":\"https:\/\/caboo.es\/?s={search_term_string}\"},\"query-input\":{\"@type\":\"PropertyValueSpecification\",\"valueRequired\":true,\"valueName\":\"search_term_string\"}}],\"inLanguage\":\"en-GB\"},{\"@type\":\"Organization\",\"@id\":\"https:\/\/caboo.es\/#organization\",\"name\":\"Music Club\",\"url\":\"https:\/\/caboo.es\/\",\"logo\":{\"@type\":\"ImageObject\",\"inLanguage\":\"en-GB\",\"@id\":\"https:\/\/caboo.es\/#\/schema\/logo\/image\/\",\"url\":\"https:\/\/caboo.es\/wp-content\/uploads\/2024\/12\/NEGRO.png\",\"contentUrl\":\"https:\/\/caboo.es\/wp-content\/uploads\/2024\/12\/NEGRO.png\",\"width\":1174,\"height\":1249,\"caption\":\"Music Club\"},\"image\":{\"@id\":\"https:\/\/caboo.es\/#\/schema\/logo\/image\/\"},\"sameAs\":[\"https:\/\/www.facebook.com\/caboomusicclub?locale=ms_MY\",\"https:\/\/www.instagram.com\/caboomusicclub\/\",\"https:\/\/soundcloud.com\/caboomusicclub\",\"https:\/\/open.spotify.com\/user\/31leggujjmg6tmmr776pzljnsao4\",\"https:\/\/www.youtube.com\/@caboomusicclub\"]}]}<\/script>\n<!-- \/ Yoast SEO plugin. -->","yoast_head_json":{"title":"Ruben Verone - DJ Residente Caboo Music Club. Alicante.","description":"DJ | Produuctor de Tech House y Minimal Deep Tech. Cuenta con actuaciones en Metro Dance Club, Gur\u00fa, True Club, Revival y muchos m\u00e1s.","robots":{"index":"index","follow":"follow","max-snippet":"max-snippet:-1","max-image-preview":"max-image-preview:large","max-video-preview":"max-video-preview:-1"},"canonical":"https:\/\/caboo.es\/en\/ruben-verone\/","og_locale":"en_GB","og_type":"article","og_title":"Ruben Verone - DJ Residente Caboo Music Club. Alicante.","og_description":"DJ | Produuctor de Tech House y Minimal Deep Tech. Cuenta con actuaciones en Metro Dance Club, Gur\u00fa, True Club, Revival y muchos m\u00e1s.","og_url":"https:\/\/caboo.es\/en\/ruben-verone\/","og_site_name":"CABOO","article_publisher":"https:\/\/www.facebook.com\/caboomusicclub?locale=ms_MY","article_modified_time":"2025-02-02T11:17:57+00:00","twitter_card":"summary_large_image","twitter_misc":{"Estimated reading time":"3 minutes"},"schema":{"@context":"https:\/\/schema.org","@graph":[{"@type":"WebPage","@id":"https:\/\/caboo.es\/ruben-verone\/","url":"https:\/\/caboo.es\/ruben-verone\/","name":"Ruben Verone - DJ Residente Caboo Music Club. Alicante.","isPartOf":{"@id":"https:\/\/caboo.es\/#website"},"datePublished":"2025-01-12T13:03:20+00:00","dateModified":"2025-02-02T11:17:57+00:00","description":"DJ | Produuctor de Tech House y Minimal Deep Tech. Cuenta con actuaciones en Metro Dance Club, Gur\u00fa, True Club, Revival y muchos m\u00e1s.","breadcrumb":{"@id":"https:\/\/caboo.es\/ruben-verone\/#breadcrumb"},"inLanguage":"en-GB","potentialAction":[{"@type":"ReadAction","target":["https:\/\/caboo.es\/ruben-verone\/"]}]},{"@type":"BreadcrumbList","@id":"https:\/\/caboo.es\/ruben-verone\/#breadcrumb","itemListElement":[{"@type":"ListItem","position":1,"name":"Home","item":"https:\/\/caboo.es\/"},{"@type":"ListItem","position":2,"name":"RUBEN VERONE"}]},{"@type":"WebSite","@id":"https:\/\/caboo.es\/#website","url":"https:\/\/caboo.es\/","name":"CABOO","description":"MUSIC CLUB","publisher":{"@id":"https:\/\/caboo.es\/#organization"},"potentialAction":[{"@type":"SearchAction","target":{"@type":"EntryPoint","urlTemplate":"https:\/\/caboo.es\/?s={search_term_string}"},"query-input":{"@type":"PropertyValueSpecification","valueRequired":true,"valueName":"search_term_string"}}],"inLanguage":"en-GB"},{"@type":"Organization","@id":"https:\/\/caboo.es\/#organization","name":"Music Club","url":"https:\/\/caboo.es\/","logo":{"@type":"ImageObject","inLanguage":"en-GB","@id":"https:\/\/caboo.es\/#\/schema\/logo\/image\/","url":"https:\/\/caboo.es\/wp-content\/uploads\/2024\/12\/NEGRO.png","contentUrl":"https:\/\/caboo.es\/wp-content\/uploads\/2024\/12\/NEGRO.png","width":1174,"height":1249,"caption":"Music Club"},"image":{"@id":"https:\/\/caboo.es\/#\/schema\/logo\/image\/"},"sameAs":["https:\/\/www.facebook.com\/caboomusicclub?locale=ms_MY","https:\/\/www.instagram.com\/caboomusicclub\/","https:\/\/soundcloud.com\/caboomusicclub","https:\/\/open.spotify.com\/user\/31leggujjmg6tmmr776pzljnsao4","https:\/\/www.youtube.com\/@caboomusicclub"]}]}},"_links":{"self":[{"href":"https:\/\/caboo.es\/en\/wp-json\/wp\/v2\/pages\/254","targetHints":{"allow":["GET"]}}],"collection":[{"href":"https:\/\/caboo.es\/en\/wp-json\/wp\/v2\/pages"}],"about":[{"href":"https:\/\/caboo.es\/en\/wp-json\/wp\/v2\/types\/page"}],"author":[{"embeddable":true,"href":"https:\/\/caboo.es\/en\/wp-json\/wp\/v2\/users\/1"}],"replies":[{"embeddable":true,"href":"https:\/\/caboo.es\/en\/wp-json\/wp\/v2\/comments?post=254"}],"version-history":[{"count":0,"href":"https:\/\/caboo.es\/en\/wp-json\/wp\/v2\/pages\/254\/revisions"}],"wp:attachment":[{"href":"https:\/\/caboo.es\/en\/wp-json\/wp\/v2\/media?parent=254"}],"curies":[{"name":"wp","href":"https:\/\/api.w.org\/{rel}","templated":true}]}}