{"id":1179,"date":"2025-05-12T20:13:17","date_gmt":"2025-05-12T18:13:17","guid":{"rendered":"https:\/\/caboo.es\/?page_id=1179"},"modified":"2025-05-12T20:18:46","modified_gmt":"2025-05-12T18:18:46","slug":"andres-arias","status":"publish","type":"page","link":"https:\/\/caboo.es\/en\/andres-arias\/","title":{"rendered":"ANDRES ARIAS"},"content":{"rendered":"<p>[et_pb_section fb_built=\u00bb1&#8243; _builder_version=\u00bb4.27.4&#8243; _module_preset=\u00bbdefault\u00bb background_color=\u00bb#f4f4f4&#8243; custom_padding=\u00bb3px||4px|||\u00bb global_colors_info=\u00bb{}\u00bb][et_pb_row column_structure=\u00bb1_2,1_2&#8243; _builder_version=\u00bb4.27.4&#8243; _module_preset=\u00bbdefault\u00bb custom_padding=\u00bb||3px|||\u00bb global_colors_info=\u00bb{}\u00bb][et_pb_column type=\u00bb1_2&#8243; _builder_version=\u00bb4.27.4&#8243; _module_preset=\u00bbdefault\u00bb global_colors_info=\u00bb{}\u00bb][et_pb_image src=\u00bbhttps:\/\/caboo.es\/wp-content\/uploads\/2025\/05\/ANDRES-ARIAS-2020-scaled.jpg\u00bb title_text=\u00bbANDRES ARIAS\u00bb _builder_version=\u00bb4.27.4&#8243; _module_preset=\u00bbdefault\u00bb hover_enabled=\u00bb0&#8243; global_colors_info=\u00bb{}\u00bb sticky_enabled=\u00bb0&#8243;][\/et_pb_image][\/et_pb_column][et_pb_column type=\u00bb1_2&#8243; _builder_version=\u00bb4.27.4&#8243; _module_preset=\u00bbdefault\u00bb global_colors_info=\u00bb{}\u00bb][et_pb_text _builder_version=\u00bb4.27.4&#8243; _module_preset=\u00bbdefault\u00bb text_font=\u00bbCabinet Grotesk Medium||||||||\u00bb text_text_color=\u00bb#191919&#8243; text_font_size=\u00bb21px\u00bb global_colors_info=\u00bb{}\u00bb]<\/p>\n<p>BIOGRAPHY<\/p>\n<p>[\/et_pb_text][et_pb_text _builder_version=\u00bb4.27.4&#8243; _module_preset=\u00bbdefault\u00bb text_font=\u00bbCabinet Grotesk black||||||||\u00bb text_text_color=\u00bb#191919&#8243; text_font_size=\u00bb50px\u00bb custom_margin=\u00bb-12px||16px|-2px|false|false\u00bb text_font_size_tablet=\u00bb69px\u00bb text_font_size_phone=\u00bb40px\u00bb text_font_size_last_edited=\u00bbon|desktop\u00bb global_colors_info=\u00bb{}\u00bb]<\/p>\n<p>ANDRES ARIAS<\/p>\n<p>[\/et_pb_text][et_pb_text _builder_version=\u00bb4.27.4&#8243; _module_preset=\u00bbdefault\u00bb text_font=\u00bbCabinet Grotesk Regular||||||||\u00bb text_text_color=\u00bb#191919&#8243; text_font_size=\u00bb15px\u00bb text_line_height=\u00bb1em\u00bb hover_enabled=\u00bb0&#8243; global_colors_info=\u00bb{}\u00bb sticky_enabled=\u00bb0&#8243;]<\/p>\n<p>Andres Arias Dj &amp; Producer based in Spain.<br \/>Co-Founder &amp; Owner On Finest Cut Records &amp; Mola Club (UK)<\/p>\n<p>Huyendo de t\u00f3picos habituales se puede afirmar rotundamente que la relaci\u00f3n Andr\u00e9s Arias Vs. M\u00fasica Electr\u00f3nica es indisociable, al menos as\u00ed viene siendo en los m\u00e1s de 12 a\u00f1os que Andr\u00e9s lleva trabajando las cabinas, la producci\u00f3n y la organizaci\u00f3n de eventos musicales.<\/p>\n<p>Af\u00e1n de aprendizaje, evoluci\u00f3n musical, crecimiento constante como artista, 3 valores canalizados dentro del \u201cunderground\u201d que Andr\u00e9s lleva marcados de manera inherente en su forma de trabajar. Un desfile de destrezas, actitudes y aptitudes que son exhibidos en cada set y cada producci\u00f3n, y que le han llevado a defender con calidad los 2 perfiles de DJ: como DJ residente, en clubes de referencia como Mundaka Club, etapa que marc\u00f3 y lanz\u00f3 de manera notable su inter\u00e9s y saber estar en el mundo de la electr\u00f3nica y como DJ invitado, actuaciones en innumerables clubes y festivales de indudable trascendencia a lo largo y ancho de la geograf\u00eda nacional e internacional, hitos que lo han ido elevando a la categor\u00eda de artista esencial y respetado en el dif\u00edcil y competitivo mundo del circuito electr\u00f3nico.<\/p>\n<p>Padre, fundador y alma de Mola Club, una marca y concepto de fiesta que se ha erigido como un faro que ilumina la noche, con frescura, calidad de producci\u00f3n y trayectoria imparable en la escena nacional y cada vez m\u00e1s, fuera de nuestras fronteras. Murcia, Ibiza, la actual residencia en Carmen 24 o los eventos en ciudades como Londres o Nueva York son algunos de los puntos que Andr\u00e9s Arias ha te\u00f1ido de rojo molariano con notable \u00e9xito.<\/p>\n<p>La faceta de productor y la de director del sello discogr\u00e1fico Finest Cut Records completan la globalidad art\u00edstica de Andr\u00e9s, que es reclamado cada vez m\u00e1s en grandes eventos dentro del circuito electr\u00f3nico, en ciudades y puntos neur\u00e1lgicos de la escena, de Madrid a Alicante, de Murcia a Ibiza, de Roma a Nueva York, de Londres hasta qui\u00e9n sabe d\u00f3nde. Rutas infinitas de un artista \u00edntegro, serio y profesional a la hora de desempe\u00f1ar una labor, para la cual, tirando de t\u00f3picos, ha nacido.<\/p>\n<p>Nombres ilustres est\u00e1n vinculados a su carrera, a modo de artistas y de escenarios de festivales y carteles, donde se ha codeado con buena parte del \u201cstar system\u00bb nacional e internacional. A saber: Popof, \u00c2me, Electromar, Oxia, Barraca, Carl Graig, Sos 4.8, Underworld, Chemical Brothers, Electrosplash o su estrecha vinculaci\u00f3n con artistas como Edu Imbernon, Coyu o AFFKT. Un background que destila trabajo y constancia para alcanzar todas esta metas.<\/p>\n<p>Un artista comprometido con la m\u00fasica electr\u00f3nica, con la calidad y el aroma \u201cunderground\u201d, conocedor de su profesi\u00f3n y de su historia. Ideas claras y pasos hacia adelante. Hablamos de un artista, Andr\u00e9s Arias.<\/p>\n<p>[\/et_pb_text][\/et_pb_column][\/et_pb_row][et_pb_row _builder_version=\u00bb4.27.4&#8243; _module_preset=\u00bbdefault\u00bb global_colors_info=\u00bb{}\u00bb][et_pb_column type=\u00bb4_4&#8243; _builder_version=\u00bb4.27.4&#8243; _module_preset=\u00bbdefault\u00bb global_colors_info=\u00bb{}\u00bb][et_pb_text _builder_version=\u00bb4.27.4&#8243; _module_preset=\u00bbdefault\u00bb text_font=\u00bbCabinet Grotesk black||||||||\u00bb text_text_color=\u00bb#191919&#8243; text_font_size=\u00bb28px\u00bb text_orientation=\u00bbcenter\u00bb global_colors_info=\u00bb{}\u00bb]<\/p>\n<p>SETS<\/p>\n<p>[\/et_pb_text][\/et_pb_column][\/et_pb_row][et_pb_row _builder_version=\u00bb4.27.4&#8243; _module_preset=\u00bbdefault\u00bb custom_margin=\u00bb-7px||||false|false\u00bb custom_padding=\u00bb2px||14px|||\u00bb global_colors_info=\u00bb{}\u00bb][et_pb_column type=\u00bb4_4&#8243; _builder_version=\u00bb4.27.4&#8243; _module_preset=\u00bbdefault\u00bb global_colors_info=\u00bb{}\u00bb][et_pb_code _builder_version=\u00bb4.27.4&#8243; _module_preset=\u00bbdefault\u00bb custom_margin=\u00bb||13px||false|false\u00bb hover_enabled=\u00bb0&#8243; global_colors_info=\u00bb{}\u00bb sticky_enabled=\u00bb0&#8243;]<iframe loading=\"lazy\" width=\"500%\" height=\"180\" scrolling=\"no\" frameborder=\"no\" allow=\"autoplay\" src=\"https:\/\/w.soundcloud.com\/player\/?url=https%3A\/\/api.soundcloud.com\/tracks\/2087261778&#038;color=%23ff5500&#038;auto_play=false&#038;hide_related=false&#038;show_comments=true&#038;show_user=true&#038;show_reposts=false&#038;show_teaser=true\"><\/iframe><\/p>\n<div style=\"font-size: 10px; color: #cccccc;line-break: anywhere;word-break: normal;overflow: hidden;white-space: nowrap;text-overflow: ellipsis; font-family: Interstate,Lucida Grande,Lucida Sans Unicode,Lucida Sans,Garuda,Verdana,Tahoma,sans-serif;font-weight: 100;\"><a href=\"https:\/\/soundcloud.com\/andres-arias\" title=\"ANDRES ARIAS\" target=\"_blank\" style=\"color: #cccccc; text-decoration: none;\"><\/a> <a href=\"https:\/\/soundcloud.com\/andres-arias\/secretbando2025\" title=\"ANDRES ARIAS @ SECRET BANDO 2025\" target=\"_blank\" style=\"color: cccccc; text-decoration: none;\"><\/a><\/div>\n<p>[\/et_pb_code][et_pb_code _builder_version=\u00bb4.27.4&#8243; _module_preset=\u00bbdefault\u00bb custom_margin=\u00bb||25px||false|false\u00bb global_colors_info=\u00bb{}\u00bb][\/et_pb_code][\/et_pb_column][\/et_pb_row][et_pb_row _builder_version=\u00bb4.27.4&#8243; _module_preset=\u00bbdefault\u00bb custom_padding=\u00bb8px|||||\u00bb global_colors_info=\u00bb{}\u00bb][et_pb_column type=\u00bb4_4&#8243; _builder_version=\u00bb4.27.4&#8243; _module_preset=\u00bbdefault\u00bb global_colors_info=\u00bb{}\u00bb][et_pb_text _builder_version=\u00bb4.27.4&#8243; _module_preset=\u00bbdefault\u00bb text_font=\u00bbCabinet Grotesk black||||||||\u00bb text_text_color=\u00bb#191919&#8243; text_font_size=\u00bb28px\u00bb text_orientation=\u00bbcenter\u00bb module_alignment=\u00bbcenter\u00bb custom_margin=\u00bb||-1px|||\u00bb global_colors_info=\u00bb{}\u00bb]<\/p>\n<p style=\"text-align: center;\">SOCIAL MEDIA<\/p>\n<p>[\/et_pb_text][et_pb_social_media_follow icon_color=\u00bb#FFFFFF\u00bb use_icon_font_size=\u00bbon\u00bb icon_font_size=\u00bb20px\u00bb _builder_version=\u00bb4.27.4&#8243; _module_preset=\u00bbdefault\u00bb text_orientation=\u00bbcenter\u00bb custom_margin=\u00bb7px||||false|false\u00bb hover_enabled=\u00bb0&#8243; global_colors_info=\u00bb{}\u00bb sticky_enabled=\u00bb0&#8243;][et_pb_social_media_follow_network social_network=\u00bbinstagram\u00bb url=\u00bbhttps:\/\/www.instagram.com\/andres_arias\/\u00bb icon_color=\u00bb#FFFFFF\u00bb _builder_version=\u00bb4.27.4&#8243; _module_preset=\u00bbdefault\u00bb background_color=\u00bb#ea2c59&#8243; hover_enabled=\u00bb0&#8243; global_colors_info=\u00bb{}\u00bb follow_button=\u00bboff\u00bb url_new_window=\u00bbon\u00bb sticky_enabled=\u00bb0&#8243;]instagram[\/et_pb_social_media_follow_network][et_pb_social_media_follow_network social_network=\u00bbfacebook\u00bb url=\u00bbhttps:\/\/www.facebook.com\/andresarias.official\u00bb _builder_version=\u00bb4.27.4&#8243; _module_preset=\u00bbdefault\u00bb background_color=\u00bb#3b5998&#8243; hover_enabled=\u00bb0&#8243; global_colors_info=\u00bb{}\u00bb follow_button=\u00bboff\u00bb url_new_window=\u00bbon\u00bb sticky_enabled=\u00bb0&#8243;]facebook[\/et_pb_social_media_follow_network][et_pb_social_media_follow_network social_network=\u00bbyoutube\u00bb url=\u00bbhttps:\/\/www.youtube.com\/andresbox1&#8243; _builder_version=\u00bb4.27.4&#8243; _module_preset=\u00bbdefault\u00bb background_color=\u00bb#a82400&#8243; hover_enabled=\u00bb0&#8243; global_colors_info=\u00bb{}\u00bb follow_button=\u00bboff\u00bb url_new_window=\u00bbon\u00bb sticky_enabled=\u00bb0&#8243;]youtube[\/et_pb_social_media_follow_network][et_pb_social_media_follow_network social_network=\u00bbsoundcloud\u00bb url=\u00bbhttps:\/\/soundcloud.com\/andres-arias\u00bb _builder_version=\u00bb4.27.4&#8243; _module_preset=\u00bbdefault\u00bb background_color=\u00bb#ff8800&#8243; hover_enabled=\u00bb0&#8243; global_colors_info=\u00bb{}\u00bb follow_button=\u00bboff\u00bb url_new_window=\u00bbon\u00bb sticky_enabled=\u00bb0&#8243;]soundcloud[\/et_pb_social_media_follow_network][et_pb_social_media_follow_network social_network=\u00bbtiktok\u00bb url=\u00bbhttps:\/\/www.tiktok.com\/@andresariasdj\u00bb _builder_version=\u00bb4.27.4&#8243; _module_preset=\u00bbdefault\u00bb background_color=\u00bb#fe2c55&#8243; hover_enabled=\u00bb0&#8243; global_colors_info=\u00bb{}\u00bb follow_button=\u00bboff\u00bb url_new_window=\u00bbon\u00bb sticky_enabled=\u00bb0&#8243;]tiktok[\/et_pb_social_media_follow_network][et_pb_social_media_follow_network url=\u00bbhttps:\/\/www.beatport.com\/es\/artist\/andres-arias\/109284&#8243; _builder_version=\u00bb4.27.4&#8243; _module_preset=\u00bbdefault\u00bb background_image=\u00bbhttps:\/\/caboo.es\/wp-content\/uploads\/2025\/01\/BEATPORT-WEB.jpg\u00bb background_enable_image=\u00bbon\u00bb background_size=\u00bbcontain\u00bb hover_enabled=\u00bb0&#8243; global_colors_info=\u00bb{}\u00bb follow_button=\u00bboff\u00bb url_new_window=\u00bbon\u00bb sticky_enabled=\u00bb0&#8243;][\/et_pb_social_media_follow_network][\/et_pb_social_media_follow][\/et_pb_column][\/et_pb_row][\/et_pb_section]<\/p>","protected":false},"excerpt":{"rendered":"<p>BIOGRAF\u00cdAANDRES ARIASAndres Arias Dj &amp; Producer based in Spain.Co-Founder &amp; Owner On Finest Cut Records &amp; Mola Club (UK) Huyendo de t\u00f3picos habituales se puede afirmar rotundamente que la relaci\u00f3n Andr\u00e9s Arias Vs. M\u00fasica Electr\u00f3nica es indisociable, al menos as\u00ed viene siendo en los m\u00e1s de 12 a\u00f1os que Andr\u00e9s lleva trabajando las cabinas, la [&hellip;]<\/p>","protected":false},"author":1,"featured_media":0,"parent":0,"menu_order":0,"comment_status":"closed","ping_status":"closed","template":"","meta":{"_et_pb_use_builder":"on","_et_pb_old_content":"","_et_gb_content_width":"","footnotes":""},"class_list":["post-1179","page","type-page","status-publish","hentry"],"yoast_head":"<!-- This site is optimized with the Yoast SEO plugin v24.3 - https:\/\/yoast.com\/wordpress\/plugins\/seo\/ -->\n<title>Andres Arias - DJ Residente Caboo Music Club. Alicante.<\/title>\n<meta name=\"description\" content=\"Andr\u00e9s Arias es un DJ y productor espa\u00f1ol, destacando por su compromiso con el sonido \u201cunderground\u201d. Es cofundador de Finest Cut Records y Mola Club (UK), proyecto con presencia en ciudades como Murcia, Ibiza, Londres o Nueva York. Ha sido DJ residente e invitado en clubes y festivales reconocidos, compartiendo cartel con figuras como Popof, \u00c2me o Chemical Brothers. Su enfoque profesional, evoluci\u00f3n constante y pasi\u00f3n por la m\u00fasica lo consolidan como una figura esencial en la escena electr\u00f3nica nacional e internacional.\" \/>\n<meta name=\"robots\" content=\"index, follow, max-snippet:-1, max-image-preview:large, max-video-preview:-1\" \/>\n<link rel=\"canonical\" href=\"https:\/\/caboo.es\/en\/andres-arias\/\" \/>\n<meta property=\"og:locale\" content=\"en_GB\" \/>\n<meta property=\"og:type\" content=\"article\" \/>\n<meta property=\"og:title\" content=\"Andres Arias - DJ Residente Caboo Music Club. Alicante.\" \/>\n<meta property=\"og:description\" content=\"Andr\u00e9s Arias es un DJ y productor espa\u00f1ol, destacando por su compromiso con el sonido \u201cunderground\u201d. Es cofundador de Finest Cut Records y Mola Club (UK), proyecto con presencia en ciudades como Murcia, Ibiza, Londres o Nueva York. Ha sido DJ residente e invitado en clubes y festivales reconocidos, compartiendo cartel con figuras como Popof, \u00c2me o Chemical Brothers. Su enfoque profesional, evoluci\u00f3n constante y pasi\u00f3n por la m\u00fasica lo consolidan como una figura esencial en la escena electr\u00f3nica nacional e internacional.\" \/>\n<meta property=\"og:url\" content=\"https:\/\/caboo.es\/en\/andres-arias\/\" \/>\n<meta property=\"og:site_name\" content=\"CABOO\" \/>\n<meta property=\"article:publisher\" content=\"https:\/\/www.facebook.com\/caboomusicclub?locale=ms_MY\" \/>\n<meta property=\"article:modified_time\" content=\"2025-05-12T18:18:46+00:00\" \/>\n<meta name=\"twitter:card\" content=\"summary_large_image\" \/>\n<meta name=\"twitter:label1\" content=\"Estimated reading time\" \/>\n\t<meta name=\"twitter:data1\" content=\"3 minutes\" \/>\n<script type=\"application\/ld+json\" class=\"yoast-schema-graph\">{\"@context\":\"https:\/\/schema.org\",\"@graph\":[{\"@type\":\"WebPage\",\"@id\":\"https:\/\/caboo.es\/andres-arias\/\",\"url\":\"https:\/\/caboo.es\/andres-arias\/\",\"name\":\"Andres Arias - DJ Residente Caboo Music Club. Alicante.\",\"isPartOf\":{\"@id\":\"https:\/\/caboo.es\/#website\"},\"datePublished\":\"2025-05-12T18:13:17+00:00\",\"dateModified\":\"2025-05-12T18:18:46+00:00\",\"description\":\"Andr\u00e9s Arias es un DJ y productor espa\u00f1ol, destacando por su compromiso con el sonido \u201cunderground\u201d. Es cofundador de Finest Cut Records y Mola Club (UK), proyecto con presencia en ciudades como Murcia, Ibiza, Londres o Nueva York. Ha sido DJ residente e invitado en clubes y festivales reconocidos, compartiendo cartel con figuras como Popof, \u00c2me o Chemical Brothers. Su enfoque profesional, evoluci\u00f3n constante y pasi\u00f3n por la m\u00fasica lo consolidan como una figura esencial en la escena electr\u00f3nica nacional e internacional.\",\"breadcrumb\":{\"@id\":\"https:\/\/caboo.es\/andres-arias\/#breadcrumb\"},\"inLanguage\":\"en-GB\",\"potentialAction\":[{\"@type\":\"ReadAction\",\"target\":[\"https:\/\/caboo.es\/andres-arias\/\"]}]},{\"@type\":\"BreadcrumbList\",\"@id\":\"https:\/\/caboo.es\/andres-arias\/#breadcrumb\",\"itemListElement\":[{\"@type\":\"ListItem\",\"position\":1,\"name\":\"Home\",\"item\":\"https:\/\/caboo.es\/\"},{\"@type\":\"ListItem\",\"position\":2,\"name\":\"ANDRES ARIAS\"}]},{\"@type\":\"WebSite\",\"@id\":\"https:\/\/caboo.es\/#website\",\"url\":\"https:\/\/caboo.es\/\",\"name\":\"CABOO\",\"description\":\"MUSIC CLUB\",\"publisher\":{\"@id\":\"https:\/\/caboo.es\/#organization\"},\"potentialAction\":[{\"@type\":\"SearchAction\",\"target\":{\"@type\":\"EntryPoint\",\"urlTemplate\":\"https:\/\/caboo.es\/?s={search_term_string}\"},\"query-input\":{\"@type\":\"PropertyValueSpecification\",\"valueRequired\":true,\"valueName\":\"search_term_string\"}}],\"inLanguage\":\"en-GB\"},{\"@type\":\"Organization\",\"@id\":\"https:\/\/caboo.es\/#organization\",\"name\":\"Music Club\",\"url\":\"https:\/\/caboo.es\/\",\"logo\":{\"@type\":\"ImageObject\",\"inLanguage\":\"en-GB\",\"@id\":\"https:\/\/caboo.es\/#\/schema\/logo\/image\/\",\"url\":\"https:\/\/caboo.es\/wp-content\/uploads\/2024\/12\/NEGRO.png\",\"contentUrl\":\"https:\/\/caboo.es\/wp-content\/uploads\/2024\/12\/NEGRO.png\",\"width\":1174,\"height\":1249,\"caption\":\"Music Club\"},\"image\":{\"@id\":\"https:\/\/caboo.es\/#\/schema\/logo\/image\/\"},\"sameAs\":[\"https:\/\/www.facebook.com\/caboomusicclub?locale=ms_MY\",\"https:\/\/www.instagram.com\/caboomusicclub\/\",\"https:\/\/soundcloud.com\/caboomusicclub\",\"https:\/\/open.spotify.com\/user\/31leggujjmg6tmmr776pzljnsao4\",\"https:\/\/www.youtube.com\/@caboomusicclub\"]}]}<\/script>\n<!-- \/ Yoast SEO plugin. -->","yoast_head_json":{"title":"Andres Arias - DJ Residente Caboo Music Club. Alicante.","description":"Andr\u00e9s Arias es un DJ y productor espa\u00f1ol, destacando por su compromiso con el sonido \u201cunderground\u201d. Es cofundador de Finest Cut Records y Mola Club (UK), proyecto con presencia en ciudades como Murcia, Ibiza, Londres o Nueva York. Ha sido DJ residente e invitado en clubes y festivales reconocidos, compartiendo cartel con figuras como Popof, \u00c2me o Chemical Brothers. Su enfoque profesional, evoluci\u00f3n constante y pasi\u00f3n por la m\u00fasica lo consolidan como una figura esencial en la escena electr\u00f3nica nacional e internacional.","robots":{"index":"index","follow":"follow","max-snippet":"max-snippet:-1","max-image-preview":"max-image-preview:large","max-video-preview":"max-video-preview:-1"},"canonical":"https:\/\/caboo.es\/en\/andres-arias\/","og_locale":"en_GB","og_type":"article","og_title":"Andres Arias - DJ Residente Caboo Music Club. Alicante.","og_description":"Andr\u00e9s Arias es un DJ y productor espa\u00f1ol, destacando por su compromiso con el sonido \u201cunderground\u201d. Es cofundador de Finest Cut Records y Mola Club (UK), proyecto con presencia en ciudades como Murcia, Ibiza, Londres o Nueva York. Ha sido DJ residente e invitado en clubes y festivales reconocidos, compartiendo cartel con figuras como Popof, \u00c2me o Chemical Brothers. Su enfoque profesional, evoluci\u00f3n constante y pasi\u00f3n por la m\u00fasica lo consolidan como una figura esencial en la escena electr\u00f3nica nacional e internacional.","og_url":"https:\/\/caboo.es\/en\/andres-arias\/","og_site_name":"CABOO","article_publisher":"https:\/\/www.facebook.com\/caboomusicclub?locale=ms_MY","article_modified_time":"2025-05-12T18:18:46+00:00","twitter_card":"summary_large_image","twitter_misc":{"Estimated reading time":"3 minutes"},"schema":{"@context":"https:\/\/schema.org","@graph":[{"@type":"WebPage","@id":"https:\/\/caboo.es\/andres-arias\/","url":"https:\/\/caboo.es\/andres-arias\/","name":"Andres Arias - DJ Residente Caboo Music Club. Alicante.","isPartOf":{"@id":"https:\/\/caboo.es\/#website"},"datePublished":"2025-05-12T18:13:17+00:00","dateModified":"2025-05-12T18:18:46+00:00","description":"Andr\u00e9s Arias es un DJ y productor espa\u00f1ol, destacando por su compromiso con el sonido \u201cunderground\u201d. Es cofundador de Finest Cut Records y Mola Club (UK), proyecto con presencia en ciudades como Murcia, Ibiza, Londres o Nueva York. Ha sido DJ residente e invitado en clubes y festivales reconocidos, compartiendo cartel con figuras como Popof, \u00c2me o Chemical Brothers. Su enfoque profesional, evoluci\u00f3n constante y pasi\u00f3n por la m\u00fasica lo consolidan como una figura esencial en la escena electr\u00f3nica nacional e internacional.","breadcrumb":{"@id":"https:\/\/caboo.es\/andres-arias\/#breadcrumb"},"inLanguage":"en-GB","potentialAction":[{"@type":"ReadAction","target":["https:\/\/caboo.es\/andres-arias\/"]}]},{"@type":"BreadcrumbList","@id":"https:\/\/caboo.es\/andres-arias\/#breadcrumb","itemListElement":[{"@type":"ListItem","position":1,"name":"Home","item":"https:\/\/caboo.es\/"},{"@type":"ListItem","position":2,"name":"ANDRES ARIAS"}]},{"@type":"WebSite","@id":"https:\/\/caboo.es\/#website","url":"https:\/\/caboo.es\/","name":"CABOO","description":"MUSIC CLUB","publisher":{"@id":"https:\/\/caboo.es\/#organization"},"potentialAction":[{"@type":"SearchAction","target":{"@type":"EntryPoint","urlTemplate":"https:\/\/caboo.es\/?s={search_term_string}"},"query-input":{"@type":"PropertyValueSpecification","valueRequired":true,"valueName":"search_term_string"}}],"inLanguage":"en-GB"},{"@type":"Organization","@id":"https:\/\/caboo.es\/#organization","name":"Music Club","url":"https:\/\/caboo.es\/","logo":{"@type":"ImageObject","inLanguage":"en-GB","@id":"https:\/\/caboo.es\/#\/schema\/logo\/image\/","url":"https:\/\/caboo.es\/wp-content\/uploads\/2024\/12\/NEGRO.png","contentUrl":"https:\/\/caboo.es\/wp-content\/uploads\/2024\/12\/NEGRO.png","width":1174,"height":1249,"caption":"Music Club"},"image":{"@id":"https:\/\/caboo.es\/#\/schema\/logo\/image\/"},"sameAs":["https:\/\/www.facebook.com\/caboomusicclub?locale=ms_MY","https:\/\/www.instagram.com\/caboomusicclub\/","https:\/\/soundcloud.com\/caboomusicclub","https:\/\/open.spotify.com\/user\/31leggujjmg6tmmr776pzljnsao4","https:\/\/www.youtube.com\/@caboomusicclub"]}]}},"_links":{"self":[{"href":"https:\/\/caboo.es\/en\/wp-json\/wp\/v2\/pages\/1179","targetHints":{"allow":["GET"]}}],"collection":[{"href":"https:\/\/caboo.es\/en\/wp-json\/wp\/v2\/pages"}],"about":[{"href":"https:\/\/caboo.es\/en\/wp-json\/wp\/v2\/types\/page"}],"author":[{"embeddable":true,"href":"https:\/\/caboo.es\/en\/wp-json\/wp\/v2\/users\/1"}],"replies":[{"embeddable":true,"href":"https:\/\/caboo.es\/en\/wp-json\/wp\/v2\/comments?post=1179"}],"version-history":[{"count":1,"href":"https:\/\/caboo.es\/en\/wp-json\/wp\/v2\/pages\/1179\/revisions"}],"predecessor-version":[{"id":1181,"href":"https:\/\/caboo.es\/en\/wp-json\/wp\/v2\/pages\/1179\/revisions\/1181"}],"wp:attachment":[{"href":"https:\/\/caboo.es\/en\/wp-json\/wp\/v2\/media?parent=1179"}],"curies":[{"name":"wp","href":"https:\/\/api.w.org\/{rel}","templated":true}]}}